{"id":6638,"date":"2023-02-17T15:46:09","date_gmt":"2023-02-17T15:46:09","guid":{"rendered":"https:\/\/frimec.eu\/dichiarazione-sulla-privacy-uk\/"},"modified":"2023-02-17T15:46:09","modified_gmt":"2023-02-17T15:46:09","slug":"dichiarazione-sulla-privacy-uk","status":"publish","type":"page","link":"https:\/\/frimec.eu\/en\/dichiarazione-sulla-privacy-uk\/","title":{"rendered":"Dichiarazione sulla Privacy (UK)"},"content":{"rendered":"\n<!-- Legal document generated by Complianz | GDPR\/CCPA Cookie Consent https:\/\/wordpress.org\/plugins\/complianz-gdpr -->\n<div id=\"cmplz-document\" class=\"cmplz-document privacy-statement cmplz-document-uk\"><p><i>This privacy statement was last updated on February 17, 2023 and applies to citizens and legal permanent residents of the United Kingdom.<\/i><br><br><\/p><p>In this privacy statement, we explain what we do with the data we obtain about you via <a href=\"https:\/\/frimec.eu\/en\/\">https:\/\/frimec.eu\/en\/<\/a>. We recommend you carefully read this statement. In our processing we comply with the requirements of privacy legislation. That means, among other things, that:<\/p><ul>\n                <li>we clearly state the purposes for which we process personal data. We do this by means of this privacy statement;<\/li>\n                <li>we aim to limit our collection of personal data to only the personal data required for legitimate purposes;<\/li>\n                <li>we first request your explicit consent to process your personal data in cases requiring your consent;<\/li>\n                <li>we take appropriate security measures to protect your personal data and also require this from parties that process personal data on our behalf;<\/li>\n                <li>we respect your right to access your personal data or have it corrected or deleted, at your request.<\/li>\n            <\/ul><p>If you have any questions, or want to know exactly what data we keep of you, please contact us.<\/p><h2>1. Purpose, data and retention period<\/h2>We may collect or receive personal information for a number of purposes connected with our business operations which may include the following: (click to expand)<details class=\"cmplz-dropdown dropdown-privacy-statement\"><summary><div><h3>1.1 Registering an account<\/h3><\/div><\/summary><p class=\"cmplz-subtitle\">For this purpose we use the following data:<\/p><p><ul><li>A first and last name<\/li><li>An email address<\/li><li>A telephone number<\/li><li>Geolocation data<\/li><\/ul><\/p><p class=\"cmplz-subtitle\">The basis on which we may process these data is:<\/p><p><a target=\"_blank\" rel=\"noopener noreferrer nofollow\" href=\"https:\/\/cookiedatabase.org\/legal-bases\/#consent\">Upon the provision of consent.<\/a><\/p><p class=\"cmplz-subtitle\">Retention period<\/p><p>We retain this data until the service is terminated.<\/p><\/details><details class=\"cmplz-dropdown dropdown-privacy-statement\"><summary><div><h3>1.2 To support services or products that a customer wants to buy or has purchased<\/h3><\/div><\/summary><p class=\"cmplz-subtitle\">For this purpose we use the following data:<\/p><p><ul><li>A first and last name<\/li><li>An email address<\/li><li>A telephone number<\/li><li>Geolocation data<\/li><\/ul><\/p><p class=\"cmplz-subtitle\">The basis on which we may process these data is:<\/p><p><a target=\"_blank\" rel=\"noopener noreferrer nofollow\" href=\"https:\/\/cookiedatabase.org\/legal-bases\/#consent\">Upon the provision of consent.<\/a><\/p><p class=\"cmplz-subtitle\">Retention period<\/p><p>We retain this data until the service is terminated.<\/p><\/details><details class=\"cmplz-dropdown dropdown-privacy-statement\"><summary><div><h3>1.3 To be able to offer personalized products and services<\/h3><\/div><\/summary><p class=\"cmplz-subtitle\">For this purpose we use the following data:<\/p><p><ul><li>A first and last name<\/li><li>An email address<\/li><li>A telephone number<\/li><li>Geolocation data<\/li><\/ul><\/p><p class=\"cmplz-subtitle\">The basis on which we may process these data is:<\/p><p><a target=\"_blank\" rel=\"noopener noreferrer nofollow\" href=\"https:\/\/cookiedatabase.org\/legal-bases\/#consent\">Upon the provision of consent.<\/a><\/p><p class=\"cmplz-subtitle\">Retention period<\/p><p>We retain this data until the service is terminated.<\/p><\/details><details class=\"cmplz-dropdown dropdown-privacy-statement\"><summary><div><h3>1.4 Deliveries<\/h3><\/div><\/summary><p class=\"cmplz-subtitle\">For this purpose we use the following data:<\/p><p><ul><li>A first and last name<\/li><li>An email address<\/li><li>A telephone number<\/li><li>Geolocation data<\/li><\/ul><\/p><p class=\"cmplz-subtitle\">The basis on which we may process these data is:<\/p><p><a target=\"_blank\" rel=\"noopener noreferrer nofollow\" href=\"https:\/\/cookiedatabase.org\/legal-bases\/#consent\">Upon the provision of consent.<\/a><\/p><p class=\"cmplz-subtitle\">Retention period<\/p><p>We retain this data until the service is terminated.<\/p><\/details><h2>2. Cookies<\/h2><p>Our website uses cookies. For more information about cookies, please refer to our <a href=\"https:\/\/frimec.eu\/en\/cookie-policy-uk\/\">Cookie Policy<\/a>.&nbsp;<\/p><h2>3. Disclosure practices<\/h2><p><p>We disclose personal information if we are required by law or by a court order, in response to a law enforcement agency, to the extent permitted under other provisions of law, to provide information, or for an investigation on a matter related to public safety.<\/p><p>If our website or organisation is taken over, sold, or involved in a merger or acquisition, your details may be disclosed to our advisers and any prospective purchasers and will be passed on to the new owners.<\/p><\/p><p>We have concluded a data processing agreement with Google.<\/p><p>The inclusion of full IP addresses is blocked by us.<\/p><h2>4. Security<\/h2><p>We are committed to the security of personal data. We take appropriate security measures to limit abuse of and unauthorised access to personal data. This ensures that only the necessary persons have access to your data, that access to the data is protected, and that our security measures are regularly reviewed.<\/p><p>The security measures we use consist of:<\/p><p><ul><li>Login Security<\/li><\/ul><\/p><h2>5. Third-party websites<\/h2><p>This privacy statement does not apply to third-party websites connected by links on our website. We cannot guarantee that these third parties handle your personal data in a reliable or secure manner. We recommend you read the privacy statements of these websites prior to making use of these websites.<\/p><h2>6. Amendments to this privacy statement<\/h2><p>We reserve the right to make amendments to this privacy statement. It is recommended that you consult this privacy statement regularly in order to be aware of any changes. In addition, we will actively inform you wherever possible.<\/p><h2>7. Accessing and modifying your data<\/h2><p>If you have any questions or want to know which personal data we have about you, please contact us. You can contact us by using the information below. You have the following rights:<\/p><ul>\n                <li>You have the right to know why your personal data is needed, what will happen to it, and how long it will be retained for.<\/li>\n                <li>Right of access: You have the right to access your personal data that is known to us.<\/li>\n                <li>Right to rectification: you have the right to supplement, correct, have deleted or blocked your personal data whenever you wish.<\/li>\n                <li>If you give us your consent to process your data, you have the right to revoke that consent and to have your personal data deleted.<\/li>\n                <li>Right to transfer your data: you have the right to request all your personal data from the controller and transfer it in its entirety to another controller.<\/li>\n                <li>Right to object: you may object to the processing of your data. We comply with this, unless there are justified grounds for processing.<\/li>\n            <\/ul><p>Please make sure to always clearly state who you are, so that we can be certain that we do not modify or delete any data of the wrong person.<\/p><h2>8. Submitting a complaint<\/h2><p>If you are not satisfied with the way in which we handle (a complaint about) the processing of your personal data, you have the right to submit a complaint to the Information Commissioner's Office:<\/p><p><br>Wycliffe House<br>\n                        Water Lane<br>\n                        Wilmslow<br>\n                        Cheshire<br>\n                        SK9 5AF<\/p><h2>9. Children<\/h2><p>Our website is not designed to attract children and it is not our intent to collect personal data from children under the age of consent in their country of residence. We therefore request that children under the age of consent do not submit any personal data to us.<\/p><h2>10. Contact details<\/h2><p>Frimec srl<br>\n        VIA BORTOLO POLLINI N.31<br \/>\r\n25080 NUVOLENTO<br \/>\r\nBRESCIA<br>\n        Italy<br>\n        Website: <a href=\"https:\/\/frimec.eu\/en\/\">https:\/\/frimec.eu\/en\/<\/a> <br>\n        Email: &#102;&#114;ime&#099;&#064;f&#114;&#105;&#109;e&#099;&#046;it <br>\n        Phone number: +390309989711<\/p><h2>11. Data Requests<\/h2><p>For the most frequently submitted requests, we also offer you the possibility to use our data request form<br>\t\t\t<div class=\"cmplz-datarequest cmplz-alert\">\n\t\t\t\t<span class=\"cmplz-close\">&times;<\/span>\n\t\t\t\t<span id=\"cmplz-message\"><\/span>\n\t\t\t<\/div>\n\t\t\t<form id=\"cmplz-datarequest-form\">\n\t\t\t\t<input type=\"hidden\" required value=\"uk\" name=\"cmplz_datarequest_region\" id=\"cmplz_datarequest_region\">\n\n\t\t\t\t<label for=\"cmplz_datarequest_firstname\" class=\"cmplz-first-name\">Name\t\t\t\t\t<input type=\"search\" class=\"datarequest-firstname\" value=\"\" placeholder=\"your first name\" id=\"cmplz_datarequest_firstname\" name=\"cmplz_datarequest_firstname\">\n\t\t\t\t<\/label>\n\t\t\t\t<div>\n\t\t\t\t\t<label for=\"cmplz_datarequest_name\">Name<\/label>\n\t\t\t\t\t<input type=\"text\" required value=\"\" placeholder=\"Your name\" id=\"cmplz_datarequest_name\" name=\"cmplz_datarequest_name\">\n\t\t\t\t<\/div>\n\t\t\t\t<div>\n\t\t\t\t\t<label for=\"cmplz_datarequest_email\">Email<\/label>\n\t\t\t\t\t<input type=\"email\" required value=\"\" placeholder=\"email@email.com\" id=\"cmplz_datarequest_email\" name=\"cmplz_datarequest_email\">\n\t\t\t\t<\/div>\n\t\t\t\t\t\t\t\t\t\t<div class=\"cmplz_datarequest cmplz_datarequest_request_for_access\">\n\t\t\t\t\t\t\t<label for=\"cmplz_datarequest_request_for_access\">\n\t\t\t\t\t\t\t\t<input type=\"checkbox\" value=\"1\" name=\"cmplz_datarequest_request_for_access\" id=\"cmplz_datarequest_request_for_access\" \/>\n\t\t\t\t\t\t\t\tSubmit a request for access to the data we process about you.\t\t\t\t\t\t\t<\/label>\n\t\t\t\t\t\t<\/div>\n\t\t\t\t\t\t\t\t\t\t<div class=\"cmplz_datarequest cmplz_datarequest_right_to_be_forgotten\">\n\t\t\t\t\t\t\t<label for=\"cmplz_datarequest_right_to_be_forgotten\">\n\t\t\t\t\t\t\t\t<input type=\"checkbox\" value=\"1\" name=\"cmplz_datarequest_right_to_be_forgotten\" id=\"cmplz_datarequest_right_to_be_forgotten\" \/>\n\t\t\t\t\t\t\t\tSubmit a request for deletion of the data if it is no longer relevant.\t\t\t\t\t\t\t<\/label>\n\t\t\t\t\t\t<\/div>\n\t\t\t\t\t\t\t\t\t\t<div class=\"cmplz_datarequest cmplz_datarequest_right_to_data_portability\">\n\t\t\t\t\t\t\t<label for=\"cmplz_datarequest_right_to_data_portability\">\n\t\t\t\t\t\t\t\t<input type=\"checkbox\" value=\"1\" name=\"cmplz_datarequest_right_to_data_portability\" id=\"cmplz_datarequest_right_to_data_portability\" \/>\n\t\t\t\t\t\t\t\tSubmit a request to receive an export file of the data we process about you.\t\t\t\t\t\t\t<\/label>\n\t\t\t\t\t\t<\/div>\n\t\t\t\t\t\t\t\t<input type=\"button\" id=\"cmplz-datarequest-submit\" value=\"Send\">\n\t\t\t<\/form>\n\n\t\t\t<style>\n\t\t\t\t\/* first-name is honeypot *\/\n\t\t\t\t.cmplz-first-name {\n\t\t\t\t\tposition: absolute !important;\n\t\t\t\t\tleft: -5000px !important;\n\t\t\t\t}\n\t\t\t<\/style>\n\t\t\t<\/p><h2>Annex<\/h2><p><h3>WPML<\/h3>\r\nWPML utilizza i cookie per identificare la lingua del visitatore corrente, quella dell'ultima visita e quella degli utenti che hanno effettuato l'accesso.\r\n\r\nQuando si utilizza il plugin, WPML condivider\u00e0 i dati relativi al sito tramite il programma di installazione. Non verr\u00e0 condiviso nessun dato personale dell'utente.\r\n<h3>MailPoet<\/h3>\r\n<h2>Newsletter e email di MailPoet<\/h2>\r\nSe hai fatto l'iscrizione alla nostra newsletter, o sei membro del nostro sito web (cio\u00e8 puoi accedervi), o hai fatto acquisti sul nostro sito, \u00e8 probabile che tu riceva le nostre email.\r\n\r\nNoi ti manderemo solo le email per le quali ti sei iscritto, o che hanno a che fare con i servizi che ti abbiamo offerto.\r\n\r\nPer mandarti queste email, usiamo il nome e l'indirizzo email che ci hai fornito. Il nostro sito, inoltre, registra l'indirizzo IP che hai usato quando ti sei iscritto al servizio per prevenire abusi del sistema.\r\n\r\nQuesto sito pu\u00f2 inviare email attraverso il <a href=\"https:\/\/www.mailpoet.com\/privacy-notice\/\" target=\"_blank\" rel=\"noopener\">Sending Service di MailPoet<\/a>. Questo servizio ci permette di monitorare le aperture e i clic sulle nostre email. Utilizziamo questi dati per migliorare il contenuto delle nostre newsletter.\r\n\r\nAl di fuori di questo sito web, nessuna informazione identificabile \u00e8 tracciata in alcun modo, ad eccezione dell'indirizzo email.\r\n\r\nSe lo usi assieme a WooCommerce, MailPoet crea e immagazzina\u00a0due cookie, nello specifico:\r\n\r\nNome del cookie: mailpoet_revenue_tracking\r\nScadenza del cookie: 14 giorni.\r\nDescrizione del cookie: la funzione di questo cookie \u00e8 quella di tracciare a quali newsletter inviate dal tuo sito hanno registrato un click-through cui ha fatto seguito un acquisto nel tuo negozio WooCommerce.\r\n\r\nNome del cookie: mailpoet_abandoned_cart_tracking\r\nScadenza del cookie: 3.650 giorni.\r\nDescrizione del cookie: la funzione di questo cookie \u00e8 quella di tracciare un utente che ha abbandonato il proprio carrello nel tuo negozio WooCommerce per potergli inviare una newsletter \"carrello abbandonato\" da MailPoet.\r\n\r\nNota: l'utente deve aver scelto di fare opt-in ed essere un abbonato confermato.\r\n<h3>WooCommerce<\/h3>\r\n<div class=\"wp-suggested-text\">\r\n<p class=\"privacy-policy-tutorial\">Questo linguaggio campione include gli elementi di base su raccolta dei dati personali, la memorizzazione e la condivisione, nonch\u00e9 su chi \u00e8 autorizzato ad accedere a tali dati. In base alle impostazioni abilitate e ai plugin aggiuntivi utilizzati, le informazioni specifiche condivise dal nostro negozio possono variare. Ti consigliamo di consultare un legale al momento di decidere quali informazioni divulgare sulla tua informativa sulla privacy.<\/p>\r\nDurante la procedura di pagamento nel nostro negozio raccogliamo informazioni su di te.\r\n<h2>Cosa raccogliamo e salviamo<\/h2>\r\nMentre visiti il nostro sito, tracciamo:\r\n<ul>\r\n \t<li>I prodotti che hai visualizzato: useremo queste informazioni per, ad esempio, mostrarti i prodotti che hai visualizzato di recente<\/li>\r\n \t<li>Posizione, indirizzo IP e tipo di browser: useremo queste informazioni per una stima di imposte e spedizione<\/li>\r\n \t<li>Indirizzo di spedizione: ti chiederemo di inserirlo per, ad esempio, stimare la spedizione prima che tu effettui l\u2019ordine e per inviarti quanto acquistato!<\/li>\r\n<\/ul>\r\nUseremo i cookie anche per tenere traccia del contenuto del carrello mentre stai navigando sul nostro sito.\r\n<p class=\"privacy-policy-tutorial\">Nota: per ulteriori dettagli sulla informativa sui cookie, da qui verrai collegato alla sezione.<\/p>\r\nQuando effettui un acquisto presso di noi, ti invitiamo a fornire informazioni quali nome, indirizzo di fatturazione, indirizzo di spedizione, indirizzo e-mail, numero di telefono, numero di carta di credito\/dettagli del pagamento e informazioni opzionali sull\u2019account, come il nome utente e la password. Useremo queste informazioni per scopi quali:\r\n<ul>\r\n \t<li>Ti inviamo informazioni sull\u2019account e sull\u2019ordine<\/li>\r\n \t<li>Rispondiamo alle tue richieste, inclusi reclami e rimborsi<\/li>\r\n \t<li>Elaborazione dei pagamenti e prevenzione delle frodi<\/li>\r\n \t<li>Configura il tuo account per il nostro negozio<\/li>\r\n \t<li>Rispetta tutti gli obblighi legali a nostro carico, come il calcolo delle imposte<\/li>\r\n \t<li>Migliora le offerte del nostro negozio<\/li>\r\n \t<li>Invio di messaggi di marketing, se scegli di riceverli<\/li>\r\n<\/ul>\r\nSe crei un account, archivieremo il tuo nome, indirizzo, email e numero di telefono: questi dati verranno poi usati per popolare la cassa nei tuoi ordini futuri.\r\n\r\nIn generale conserviamo le tue informazioni finch\u00e9 ne abbiamo bisogno per le finalit\u00e0 per le quali raccogliamo e utilizziamo i dati e finch\u00e9 siamo legalmente tenuti a continuare a mantenerli. Ad esempio, archiviamo le informazioni sull\u2019ordine per XXX anni per ragioni fiscali e di contabilit\u00e0. Tali informazioni includono nome, indirizzo e-mail e indirizzi di fatturazione e spedizione.\r\n\r\nArchiviamo anche commenti e recensioni, se scegli di lasciarceli.\r\n<h2>Persone del nostro team che hanno accesso<\/h2>\r\nI membri del nostro team hanno accesso alle informazioni che ci fornisci. Per esempio, sia gli amministratori che gli shop manager possono accedere a:\r\n<ul>\r\n \t<li>Informazioni sull\u2019ordine quali, oggetto acquistato, data di acquisto e luogo di spedizione e<\/li>\r\n \t<li>Informazioni sul cliente come il tuo nome, indirizzo email e informazioni di fatturazione e spedizione.<\/li>\r\n<\/ul>\r\nI membri del nostro team hanno accesso a queste informazioni per aiutare a soddisfare gli ordini, elaborare i rimborsi e supportarti.\r\n<h2>Cosa condividiamo con gli altri<\/h2>\r\n<p class=\"privacy-policy-tutorial\">In questa sezione devi elencare con chi condividi i dati e a quale scopo. Potrebbero includere, ma non limitarsi a questo, analisi, marketing, gateway di pagamento, fornitori di spedizioni e incorporazioni di terze parti.<\/p>\r\nCondividiamo le informazioni con terze parti che ci aiutano a fornire servizi del negozio e per gli ordini; ad esempio --\r\n<h3>Pagamenti<\/h3>\r\n<p class=\"privacy-policy-tutorial\">In questa sezione secondaria, devi elencare i processori di pagamento di terze parti che utilizzi per i pagamenti sul tuo negozio poich\u00e9 questi potrebbero gestire i dati dei clienti. Abbiamo incluso PayPal come esempio, ma se non usi PayPal puoi rimuoverlo.<\/p>\r\nAccettiamo pagamenti tramite PayPal. Durante l'elaborazione dei pagamenti, alcuni dati vengono trasferiti a PayPal, incluse le informazioni necessarie per elaborare o supportare il pagamento, come il totale degli acquisti e i dati di fatturazione.\r\n\r\nPer ulteriori dettagli, consulta la <a href=\"https:\/\/www.paypal.com\/us\/webapps\/mpp\/ua\/privacy-full\"> privacy policy di PayPal <\/a>.\r\n\r\n<\/div>\r\n<h3>WPML Media Translation<\/h3>\r\nWPML Media Translation invier\u00e0 l'indirizzo e-mail e il nome di tutti i responsabili delle traduzioni e dei traduttori assegnati nonch\u00e9 i contenuti stessi all'editor avanzato di traduzione e ai servizi di traduzione utilizzati.\r\n<h3>WPML Translation Management<\/h3>\r\nWPML Translation Management invier\u00e0 l'indirizzo e-mail e il nome di ciascun responsabile e traduttore assegnato, nonch\u00e9 gli stessi contenuti all'editor di traduzione avanzato e ai servizi di traduzione utilizzati.\r\n<h3>WooCommerce Multilingual &amp; Multicurrency<\/h3>\r\nWooCommerce Multilingual &amp; Multicurrency will use cookies to understand the basket info when using languages in domains and to transfer data between the domains.\r\n\r\nWooCommerce Multilingual &amp; Multicurrency will also use cookies to identify the language and currency of each customer\u2019s order as well as the currency of the reports created by WooCommerce. WooCommerce Multilingual extends these reports by adding the currency\u2019s information.\r\n<h3>WPML String Translation<\/h3>\r\nWPML String Translation invier\u00e0 tutte le stringhe all'editor di traduzione avanzato di WPML e ai servizi di traduzione utilizzati.\r\n<h3>Burst Statistics<\/h3>\r\nThis website uses Burst Statistics, a Privacy-Friendly Statistics Tool to analyze visitor behavior. For this functionality we (this website) collect anonymized data, stored locally without sharing it with other parties. For more information, please read the <a href=\"https:\/\/burst-statistics.com\/legal\/privacy-statement\/\" target=\"_blank\" rel=\"noopener\"> Privacy Statement <\/a> from Burst.\r\n<h3>Really Simple SSL<\/h3>\r\nReally Simple SSL e gli add-on di Really Simple SSL non elaborano alcuna informazione personale identificativa, quindi il GDPR non si applica a questi plugin o all'uso di questi plugin sul tuo sito web. Puoi leggere la nostra privacy policy <a href=\"https:\/\/really-simple-ssl.com\/privacy-statement\/\" target=\"_blank\" rel=\"noopener\">qui<\/a>.\r\n<h3>Complianz | The Privacy Suite for WordPress<\/h3>\r\nQuesto sito web utilizza la Privacy Suite per WordPress di Complianz per raccogliere record di consenso.\u00a0Per questa funzionalit\u00e0 il tuo indirizzo IP \u00e8 reso anonimo e memorizzato nel nostro database.\u00a0Per ulteriori informazioni, vedere la <a href=\"https:\/\/complianz.io\/privacy-statement\/\" target=\"_blank\" rel=\"noopener\">Dichiarazione sulla Privacy<\/a> di Complianz.\r\n<h3>LiteSpeed Cache<\/h3>\r\nThis site utilizes caching in order to facilitate a faster response time and better user experience. Caching potentially stores a duplicate copy of every web page that is on display on this site. All cache files are temporary, and are never accessed by any third party, except as necessary to obtain technical support from the cache plugin vendor. Cache files expire on a schedule set by the site administrator, but may easily be purged by the admin before their natural expiration, if necessary. We may use QUIC.cloud services to process &amp; cache your data temporarily.Please see <a href=\"https:\/\/quic.cloud\/privacy-policy\/\" target=\"_blank\" rel=\"noopener\">https:\/\/quic.cloud\/privacy-policy\/<\/a> for more details.<\/p><\/div>\n","protected":false},"excerpt":{"rendered":"","protected":false},"author":1,"featured_media":0,"parent":0,"menu_order":0,"comment_status":"closed","ping_status":"closed","template":"","meta":{"_acf_changed":false,"footnotes":""},"class_list":["post-6638","page","type-page","status-publish","hentry"],"acf":[],"yoast_head":"<!-- This site is optimized with the Yoast SEO plugin v23.8 - https:\/\/yoast.com\/wordpress\/plugins\/seo\/ -->\n<title>Dichiarazione sulla Privacy (UK) - frimec.eu<\/title>\n<meta name=\"robots\" content=\"index, follow, max-snippet:-1, max-image-preview:large, max-video-preview:-1\" \/>\n<link rel=\"canonical\" href=\"https:\/\/frimec.eu\/en\/dichiarazione-sulla-privacy-uk\/\" \/>\n<meta property=\"og:locale\" content=\"en_US\" \/>\n<meta property=\"og:type\" content=\"article\" \/>\n<meta property=\"og:title\" content=\"Dichiarazione sulla Privacy (UK) - frimec.eu\" \/>\n<meta property=\"og:url\" content=\"https:\/\/frimec.eu\/en\/dichiarazione-sulla-privacy-uk\/\" \/>\n<meta property=\"og:site_name\" content=\"frimec.eu\" \/>\n<meta name=\"twitter:card\" content=\"summary_large_image\" \/>\n<script type=\"application\/ld+json\" class=\"yoast-schema-graph\">{\"@context\":\"https:\/\/schema.org\",\"@graph\":[{\"@type\":\"WebPage\",\"@id\":\"https:\/\/frimec.eu\/en\/dichiarazione-sulla-privacy-uk\/\",\"url\":\"https:\/\/frimec.eu\/en\/dichiarazione-sulla-privacy-uk\/\",\"name\":\"Dichiarazione sulla Privacy (UK) - frimec.eu\",\"isPartOf\":{\"@id\":\"https:\/\/frimec.eu\/en\/#website\"},\"datePublished\":\"2023-02-17T15:46:09+00:00\",\"dateModified\":\"2023-02-17T15:46:09+00:00\",\"breadcrumb\":{\"@id\":\"https:\/\/frimec.eu\/en\/dichiarazione-sulla-privacy-uk\/#breadcrumb\"},\"inLanguage\":\"en-US\",\"potentialAction\":[{\"@type\":\"ReadAction\",\"target\":[\"https:\/\/frimec.eu\/en\/dichiarazione-sulla-privacy-uk\/\"]}]},{\"@type\":\"BreadcrumbList\",\"@id\":\"https:\/\/frimec.eu\/en\/dichiarazione-sulla-privacy-uk\/#breadcrumb\",\"itemListElement\":[{\"@type\":\"ListItem\",\"position\":1,\"name\":\"Home\",\"item\":\"https:\/\/frimec.eu\/en\/\"},{\"@type\":\"ListItem\",\"position\":2,\"name\":\"Dichiarazione sulla Privacy (UK)\"}]},{\"@type\":\"WebSite\",\"@id\":\"https:\/\/frimec.eu\/en\/#website\",\"url\":\"https:\/\/frimec.eu\/en\/\",\"name\":\"frimec.eu\",\"description\":\"\",\"potentialAction\":[{\"@type\":\"SearchAction\",\"target\":{\"@type\":\"EntryPoint\",\"urlTemplate\":\"https:\/\/frimec.eu\/en\/?s={search_term_string}\"},\"query-input\":{\"@type\":\"PropertyValueSpecification\",\"valueRequired\":true,\"valueName\":\"search_term_string\"}}],\"inLanguage\":\"en-US\"}]}<\/script>\n<!-- \/ Yoast SEO plugin. -->","yoast_head_json":{"title":"Dichiarazione sulla Privacy (UK) - frimec.eu","robots":{"index":"index","follow":"follow","max-snippet":"max-snippet:-1","max-image-preview":"max-image-preview:large","max-video-preview":"max-video-preview:-1"},"canonical":"https:\/\/frimec.eu\/en\/dichiarazione-sulla-privacy-uk\/","og_locale":"en_US","og_type":"article","og_title":"Dichiarazione sulla Privacy (UK) - frimec.eu","og_url":"https:\/\/frimec.eu\/en\/dichiarazione-sulla-privacy-uk\/","og_site_name":"frimec.eu","twitter_card":"summary_large_image","schema":{"@context":"https:\/\/schema.org","@graph":[{"@type":"WebPage","@id":"https:\/\/frimec.eu\/en\/dichiarazione-sulla-privacy-uk\/","url":"https:\/\/frimec.eu\/en\/dichiarazione-sulla-privacy-uk\/","name":"Dichiarazione sulla Privacy (UK) - frimec.eu","isPartOf":{"@id":"https:\/\/frimec.eu\/en\/#website"},"datePublished":"2023-02-17T15:46:09+00:00","dateModified":"2023-02-17T15:46:09+00:00","breadcrumb":{"@id":"https:\/\/frimec.eu\/en\/dichiarazione-sulla-privacy-uk\/#breadcrumb"},"inLanguage":"en-US","potentialAction":[{"@type":"ReadAction","target":["https:\/\/frimec.eu\/en\/dichiarazione-sulla-privacy-uk\/"]}]},{"@type":"BreadcrumbList","@id":"https:\/\/frimec.eu\/en\/dichiarazione-sulla-privacy-uk\/#breadcrumb","itemListElement":[{"@type":"ListItem","position":1,"name":"Home","item":"https:\/\/frimec.eu\/en\/"},{"@type":"ListItem","position":2,"name":"Dichiarazione sulla Privacy (UK)"}]},{"@type":"WebSite","@id":"https:\/\/frimec.eu\/en\/#website","url":"https:\/\/frimec.eu\/en\/","name":"frimec.eu","description":"","potentialAction":[{"@type":"SearchAction","target":{"@type":"EntryPoint","urlTemplate":"https:\/\/frimec.eu\/en\/?s={search_term_string}"},"query-input":{"@type":"PropertyValueSpecification","valueRequired":true,"valueName":"search_term_string"}}],"inLanguage":"en-US"}]}},"_links":{"self":[{"href":"https:\/\/frimec.eu\/en\/wp-json\/wp\/v2\/pages\/6638"}],"collection":[{"href":"https:\/\/frimec.eu\/en\/wp-json\/wp\/v2\/pages"}],"about":[{"href":"https:\/\/frimec.eu\/en\/wp-json\/wp\/v2\/types\/page"}],"author":[{"embeddable":true,"href":"https:\/\/frimec.eu\/en\/wp-json\/wp\/v2\/users\/1"}],"replies":[{"embeddable":true,"href":"https:\/\/frimec.eu\/en\/wp-json\/wp\/v2\/comments?post=6638"}],"version-history":[{"count":0,"href":"https:\/\/frimec.eu\/en\/wp-json\/wp\/v2\/pages\/6638\/revisions"}],"wp:attachment":[{"href":"https:\/\/frimec.eu\/en\/wp-json\/wp\/v2\/media?parent=6638"}],"curies":[{"name":"wp","href":"https:\/\/api.w.org\/{rel}","templated":true}]}}