{"id":3158,"date":"2022-12-01T12:22:37","date_gmt":"2022-12-01T12:22:37","guid":{"rendered":"http:\/\/frimec.eu\/pagina-de-pruebas\/"},"modified":"2022-12-01T12:29:23","modified_gmt":"2022-12-01T12:29:23","slug":"pagina-de-pruebas","status":"publish","type":"page","link":"https:\/\/frimec.eu\/es\/pagina-de-pruebas\/","title":{"rendered":"P\u00e1gina de pruebas"},"content":{"rendered":"\t\t<div data-elementor-type=\"wp-page\" data-elementor-id=\"3158\" class=\"elementor elementor-3158 elementor-3150\">\n\t\t\t\t\t\t<section class=\"elementor-section elementor-top-section elementor-element elementor-element-47553515 elementor-section-full_width elementor-section-height-default elementor-section-height-default\" data-id=\"47553515\" data-element_type=\"section\">\n\t\t\t\t\t\t<div class=\"elementor-container elementor-column-gap-default\">\n\t\t\t\t\t<div class=\"elementor-column elementor-col-100 elementor-top-column elementor-element elementor-element-65ddcbc5\" data-id=\"65ddcbc5\" data-element_type=\"column\">\n\t\t\t<div class=\"elementor-widget-wrap elementor-element-populated\">\n\t\t\t\t\t\t<div class=\"elementor-element elementor-element-575d4cf5 elementor-widget elementor-widget-image\" data-id=\"575d4cf5\" data-element_type=\"widget\" data-widget_type=\"image.default\">\n\t\t\t\t<div class=\"elementor-widget-container\">\n\t\t\t\t\t\t\t\t\t\t\t\t\t\t<a href=\"http:\/\/industify.frenify.com\/1\/wp-content\/uploads\/2018\/08\/123.jpg\" data-elementor-open-lightbox=\"yes\" data-elementor-lightbox-title=\"123\" data-e-action-hash=\"#elementor-action%3Aaction%3Dlightbox%26settings%3DeyJpZCI6NzY1LCJ1cmwiOiJodHRwczpcL1wvZnJpbWVjLmV1XC93cC1jb250ZW50XC91cGxvYWRzXC8yMDE4XC8wOFwvMTIzLmpwZyJ9\">\n\t\t\t\t\t\t\t<img fetchpriority=\"high\" decoding=\"async\" width=\"1024\" height=\"576\" src=\"https:\/\/frimec.eu\/wp-content\/uploads\/2018\/08\/123-1024x576.jpg\" class=\"attachment-large size-large wp-image-765\" alt=\"\" srcset=\"https:\/\/frimec.eu\/wp-content\/uploads\/2018\/08\/123-1024x576.jpg 1024w, https:\/\/frimec.eu\/wp-content\/uploads\/2018\/08\/123-300x169.jpg 300w, https:\/\/frimec.eu\/wp-content\/uploads\/2018\/08\/123-768x432.jpg 768w, https:\/\/frimec.eu\/wp-content\/uploads\/2018\/08\/123-1000x563.jpg 1000w, https:\/\/frimec.eu\/wp-content\/uploads\/2018\/08\/123.jpg 1280w\" sizes=\"(max-width: 1024px) 100vw, 1024px\" \/>\t\t\t\t\t\t\t\t<\/a>\n\t\t\t\t\t\t\t\t\t\t\t\t\t<\/div>\n\t\t\t\t<\/div>\n\t\t\t\t\t<\/div>\n\t\t<\/div>\n\t\t\t\t\t<\/div>\n\t\t<\/section>\n\t\t\t\t<section class=\"elementor-section elementor-top-section elementor-element elementor-element-66e59983 elementor-section-full_width elementor-section-height-default elementor-section-height-default\" data-id=\"66e59983\" data-element_type=\"section\">\n\t\t\t\t\t\t<div class=\"elementor-container elementor-column-gap-default\">\n\t\t\t\t\t<div class=\"elementor-column elementor-col-100 elementor-top-column elementor-element elementor-element-582635fc\" data-id=\"582635fc\" data-element_type=\"column\">\n\t\t\t<div class=\"elementor-widget-wrap elementor-element-populated\">\n\t\t\t\t\t\t<div class=\"elementor-element elementor-element-558be8a elementor-widget elementor-widget-text-editor\" data-id=\"558be8a\" data-element_type=\"widget\" data-widget_type=\"text-editor.default\">\n\t\t\t\t<div class=\"elementor-widget-container\">\n\t\t\t\t\t\t\t<p>Ayudamos a nuestros clientes a comercializar y mantener la costosa maquinaria con pruebas de lubricantes, fluidos y aditivos, adem\u00e1s de la inspecci\u00f3n y certificaci\u00f3n de atributos t\u00e9cnicos, de rendimiento y de ciclo de vida.<\/p>\n<p>Servicios integrados de procesamiento, pruebas y desarrollo de pol\u00edmeros prestados por nuestros experimentados cient\u00edficos e ingenieros.<\/p>\n<p>Apoyar a la industria petroqu\u00edmica mundial con pruebas expertas, inspecci\u00f3n, certificaci\u00f3n, subcontrataci\u00f3n, cumplimiento y otros servicios y experiencia.<\/p>\n\t\t\t\t\t\t<\/div>\n\t\t\t\t<\/div>\n\t\t\t\t<div class=\"elementor-element elementor-element-3784e780 elementor-widget elementor-widget-frel-check-list\" data-id=\"3784e780\" data-element_type=\"widget\" data-widget_type=\"frel-check-list.default\">\n\t\t\t\t<div class=\"elementor-widget-container\">\n\t\t\t<div class=\"cons_w_wrapper\"><div class=\"fn_cs_check_list\"><h3>Service Features<\/h3><div class=\"list\"><ul><li><div class=\"item\"><img decoding=\"async\" class=\"industify_w_fn_svg\" src=\"https:\/\/frimec.eu\/wp-content\/plugins\/industify-core\/shortcode\/assets\/svg\/check.svg\" alt=\"\" \/><p>Agrochemicals & Pesticides<\/p><\/div><\/li><li><div class=\"item\"><img decoding=\"async\" class=\"industify_w_fn_svg\" src=\"https:\/\/frimec.eu\/wp-content\/plugins\/industify-core\/shortcode\/assets\/svg\/check.svg\" alt=\"\" \/><p>Dyes & Detergents<\/p><\/div><\/li><li><div class=\"item\"><img decoding=\"async\" class=\"industify_w_fn_svg\" src=\"https:\/\/frimec.eu\/wp-content\/plugins\/industify-core\/shortcode\/assets\/svg\/check.svg\" alt=\"\" \/><p>Lubricants & Greases<\/p><\/div><\/li><li><div class=\"item\"><img decoding=\"async\" class=\"industify_w_fn_svg\" src=\"https:\/\/frimec.eu\/wp-content\/plugins\/industify-core\/shortcode\/assets\/svg\/check.svg\" alt=\"\" \/><p>Nanomaterials<\/p><\/div><\/li><li><div class=\"item\"><img decoding=\"async\" class=\"industify_w_fn_svg\" src=\"https:\/\/frimec.eu\/wp-content\/plugins\/industify-core\/shortcode\/assets\/svg\/check.svg\" alt=\"\" \/><p>Petrochemicals<\/p><\/div><\/li><\/ul><\/div><\/div><\/div>\t\t<\/div>\n\t\t\t\t<\/div>\n\t\t\t\t<div class=\"elementor-element elementor-element-5b4e5277 elementor-widget elementor-widget-frel-accordion\" data-id=\"5b4e5277\" data-element_type=\"widget\" data-widget_type=\"frel-accordion.default\">\n\t\t\t\t<div class=\"elementor-widget-container\">\n\t\t\t<div class=\"cons_w_wrapper\"><div class=\"fn_cs_accordion\"><h3>How We Do It<\/h3><div class=\"accordion_in acc_active\"><div class=\"acc_head\"><span class=\"plus\"><\/span><p>We are guided by the same basic precepts<\/p><\/div><div class=\"acc_content\"><p>Provide quality workmanship and exemplary client service. Employ people of the highest integrity and skill. Provide a safe work environment for our employees and subcontractors.<\/p><\/div><\/div><div class=\"accordion_in \"><div class=\"acc_head\"><span class=\"plus\"><\/span><p>Industry's work ethic runs deep<\/p><\/div><div class=\"acc_content\"><p>From the beginning, honesty and clear vision along with hard work and imagination have been integral parts of our steady and diversified growth.<\/p><\/div><\/div><div class=\"accordion_in \"><div class=\"acc_head\"><span class=\"plus\"><\/span><p>We have created a culture<\/p><\/div><div class=\"acc_content\"><p>We have created a culture that promotes Trust and we are extremely proud of that. This culture has produced a team that likes what they are doing and that is why we do what we do so well.<\/p><\/div><\/div><\/div><\/div>\t\t<\/div>\n\t\t\t\t<\/div>\n\t\t\t\t<div class=\"elementor-element elementor-element-782ff348 elementor-widget elementor-widget-frel-call-to-action\" data-id=\"782ff348\" data-element_type=\"widget\" data-widget_type=\"frel-call-to-action.default\">\n\t\t\t\t<div class=\"elementor-widget-container\">\n\t\t\t<div class=\"cons_w_wrapper\"><div class=\"fn_cs_call_to_action\"><div class=\"container\"><div class=\"cta_holder\"><div class=\"title_holder\"><h3>Industry LLC<\/h3><p>We build your dream house. Contact us for detailed information.<\/p><\/div><div class=\"link_holder\"><a href=\"http:\/\/industify.frenify.com\/1\/contact\/\">Our Responsibility<\/a><\/div><\/div><\/div><\/div><\/div>\t\t<\/div>\n\t\t\t\t<\/div>\n\t\t\t\t\t<\/div>\n\t\t<\/div>\n\t\t\t\t\t<\/div>\n\t\t<\/section>\n\t\t\t\t<\/div>\n\t\t","protected":false},"excerpt":{"rendered":"<p>Ayudamos a nuestros clientes a comercializar y mantener la costosa maquinaria con pruebas de lubricantes, fluidos y aditivos, adem\u00e1s de la inspecci\u00f3n y certificaci\u00f3n de atributos t\u00e9cnicos, de rendimiento y de ciclo de vida. Servicios integrados de procesamiento, pruebas y desarrollo de pol\u00edmeros prestados por nuestros experimentados cient\u00edficos e ingenieros. Apoyar a la industria petroqu\u00edmica [&hellip;]<\/p>\n","protected":false},"author":1,"featured_media":0,"parent":0,"menu_order":0,"comment_status":"closed","ping_status":"closed","template":"","meta":{"_acf_changed":false,"footnotes":""},"class_list":["post-3158","page","type-page","status-publish","hentry"],"acf":[],"yoast_head":"<!-- This site is optimized with the Yoast SEO plugin v23.8 - https:\/\/yoast.com\/wordpress\/plugins\/seo\/ -->\n<title>P\u00e1gina de pruebas - frimec.eu<\/title>\n<meta name=\"robots\" content=\"index, follow, max-snippet:-1, max-image-preview:large, max-video-preview:-1\" \/>\n<link rel=\"canonical\" href=\"https:\/\/frimec.eu\/es\/pagina-de-pruebas\/\" \/>\n<meta property=\"og:locale\" content=\"es_ES\" \/>\n<meta property=\"og:type\" content=\"article\" \/>\n<meta property=\"og:title\" content=\"P\u00e1gina de pruebas - frimec.eu\" \/>\n<meta property=\"og:description\" content=\"Ayudamos a nuestros clientes a comercializar y mantener la costosa maquinaria con pruebas de lubricantes, fluidos y aditivos, adem\u00e1s de la inspecci\u00f3n y certificaci\u00f3n de atributos t\u00e9cnicos, de rendimiento y de ciclo de vida. Servicios integrados de procesamiento, pruebas y desarrollo de pol\u00edmeros prestados por nuestros experimentados cient\u00edficos e ingenieros. Apoyar a la industria petroqu\u00edmica [&hellip;]\" \/>\n<meta property=\"og:url\" content=\"https:\/\/frimec.eu\/es\/pagina-de-pruebas\/\" \/>\n<meta property=\"og:site_name\" content=\"frimec.eu\" \/>\n<meta property=\"article:modified_time\" content=\"2022-12-01T12:29:23+00:00\" \/>\n<meta property=\"og:image\" content=\"https:\/\/frimec.eu\/wp-content\/uploads\/2018\/08\/123-1024x576.jpg\" \/>\n<meta name=\"twitter:card\" content=\"summary_large_image\" \/>\n<meta name=\"twitter:label1\" content=\"Est. reading time\" \/>\n\t<meta name=\"twitter:data1\" content=\"1 minute\" \/>\n<script type=\"application\/ld+json\" class=\"yoast-schema-graph\">{\"@context\":\"https:\/\/schema.org\",\"@graph\":[{\"@type\":\"WebPage\",\"@id\":\"https:\/\/frimec.eu\/es\/pagina-de-pruebas\/\",\"url\":\"https:\/\/frimec.eu\/es\/pagina-de-pruebas\/\",\"name\":\"P\u00e1gina de pruebas - frimec.eu\",\"isPartOf\":{\"@id\":\"https:\/\/frimec.eu\/es\/#website\"},\"primaryImageOfPage\":{\"@id\":\"https:\/\/frimec.eu\/es\/pagina-de-pruebas\/#primaryimage\"},\"image\":{\"@id\":\"https:\/\/frimec.eu\/es\/pagina-de-pruebas\/#primaryimage\"},\"thumbnailUrl\":\"https:\/\/frimec.eu\/wp-content\/uploads\/2018\/08\/123-1024x576.jpg\",\"datePublished\":\"2022-12-01T12:22:37+00:00\",\"dateModified\":\"2022-12-01T12:29:23+00:00\",\"breadcrumb\":{\"@id\":\"https:\/\/frimec.eu\/es\/pagina-de-pruebas\/#breadcrumb\"},\"inLanguage\":\"es-ES\",\"potentialAction\":[{\"@type\":\"ReadAction\",\"target\":[\"https:\/\/frimec.eu\/es\/pagina-de-pruebas\/\"]}]},{\"@type\":\"ImageObject\",\"inLanguage\":\"es-ES\",\"@id\":\"https:\/\/frimec.eu\/es\/pagina-de-pruebas\/#primaryimage\",\"url\":\"https:\/\/frimec.eu\/wp-content\/uploads\/2018\/08\/123-1024x576.jpg\",\"contentUrl\":\"https:\/\/frimec.eu\/wp-content\/uploads\/2018\/08\/123-1024x576.jpg\"},{\"@type\":\"BreadcrumbList\",\"@id\":\"https:\/\/frimec.eu\/es\/pagina-de-pruebas\/#breadcrumb\",\"itemListElement\":[{\"@type\":\"ListItem\",\"position\":1,\"name\":\"Home\",\"item\":\"https:\/\/frimec.eu\/es\/\"},{\"@type\":\"ListItem\",\"position\":2,\"name\":\"P\u00e1gina de pruebas\"}]},{\"@type\":\"WebSite\",\"@id\":\"https:\/\/frimec.eu\/es\/#website\",\"url\":\"https:\/\/frimec.eu\/es\/\",\"name\":\"frimec.eu\",\"description\":\"\",\"potentialAction\":[{\"@type\":\"SearchAction\",\"target\":{\"@type\":\"EntryPoint\",\"urlTemplate\":\"https:\/\/frimec.eu\/es\/?s={search_term_string}\"},\"query-input\":{\"@type\":\"PropertyValueSpecification\",\"valueRequired\":true,\"valueName\":\"search_term_string\"}}],\"inLanguage\":\"es-ES\"}]}<\/script>\n<!-- \/ Yoast SEO plugin. -->","yoast_head_json":{"title":"P\u00e1gina de pruebas - frimec.eu","robots":{"index":"index","follow":"follow","max-snippet":"max-snippet:-1","max-image-preview":"max-image-preview:large","max-video-preview":"max-video-preview:-1"},"canonical":"https:\/\/frimec.eu\/es\/pagina-de-pruebas\/","og_locale":"es_ES","og_type":"article","og_title":"P\u00e1gina de pruebas - frimec.eu","og_description":"Ayudamos a nuestros clientes a comercializar y mantener la costosa maquinaria con pruebas de lubricantes, fluidos y aditivos, adem\u00e1s de la inspecci\u00f3n y certificaci\u00f3n de atributos t\u00e9cnicos, de rendimiento y de ciclo de vida. Servicios integrados de procesamiento, pruebas y desarrollo de pol\u00edmeros prestados por nuestros experimentados cient\u00edficos e ingenieros. Apoyar a la industria petroqu\u00edmica [&hellip;]","og_url":"https:\/\/frimec.eu\/es\/pagina-de-pruebas\/","og_site_name":"frimec.eu","article_modified_time":"2022-12-01T12:29:23+00:00","og_image":[{"url":"https:\/\/frimec.eu\/wp-content\/uploads\/2018\/08\/123-1024x576.jpg"}],"twitter_card":"summary_large_image","twitter_misc":{"Est. reading time":"1 minute"},"schema":{"@context":"https:\/\/schema.org","@graph":[{"@type":"WebPage","@id":"https:\/\/frimec.eu\/es\/pagina-de-pruebas\/","url":"https:\/\/frimec.eu\/es\/pagina-de-pruebas\/","name":"P\u00e1gina de pruebas - frimec.eu","isPartOf":{"@id":"https:\/\/frimec.eu\/es\/#website"},"primaryImageOfPage":{"@id":"https:\/\/frimec.eu\/es\/pagina-de-pruebas\/#primaryimage"},"image":{"@id":"https:\/\/frimec.eu\/es\/pagina-de-pruebas\/#primaryimage"},"thumbnailUrl":"https:\/\/frimec.eu\/wp-content\/uploads\/2018\/08\/123-1024x576.jpg","datePublished":"2022-12-01T12:22:37+00:00","dateModified":"2022-12-01T12:29:23+00:00","breadcrumb":{"@id":"https:\/\/frimec.eu\/es\/pagina-de-pruebas\/#breadcrumb"},"inLanguage":"es-ES","potentialAction":[{"@type":"ReadAction","target":["https:\/\/frimec.eu\/es\/pagina-de-pruebas\/"]}]},{"@type":"ImageObject","inLanguage":"es-ES","@id":"https:\/\/frimec.eu\/es\/pagina-de-pruebas\/#primaryimage","url":"https:\/\/frimec.eu\/wp-content\/uploads\/2018\/08\/123-1024x576.jpg","contentUrl":"https:\/\/frimec.eu\/wp-content\/uploads\/2018\/08\/123-1024x576.jpg"},{"@type":"BreadcrumbList","@id":"https:\/\/frimec.eu\/es\/pagina-de-pruebas\/#breadcrumb","itemListElement":[{"@type":"ListItem","position":1,"name":"Home","item":"https:\/\/frimec.eu\/es\/"},{"@type":"ListItem","position":2,"name":"P\u00e1gina de pruebas"}]},{"@type":"WebSite","@id":"https:\/\/frimec.eu\/es\/#website","url":"https:\/\/frimec.eu\/es\/","name":"frimec.eu","description":"","potentialAction":[{"@type":"SearchAction","target":{"@type":"EntryPoint","urlTemplate":"https:\/\/frimec.eu\/es\/?s={search_term_string}"},"query-input":{"@type":"PropertyValueSpecification","valueRequired":true,"valueName":"search_term_string"}}],"inLanguage":"es-ES"}]}},"_links":{"self":[{"href":"https:\/\/frimec.eu\/es\/wp-json\/wp\/v2\/pages\/3158"}],"collection":[{"href":"https:\/\/frimec.eu\/es\/wp-json\/wp\/v2\/pages"}],"about":[{"href":"https:\/\/frimec.eu\/es\/wp-json\/wp\/v2\/types\/page"}],"author":[{"embeddable":true,"href":"https:\/\/frimec.eu\/es\/wp-json\/wp\/v2\/users\/1"}],"replies":[{"embeddable":true,"href":"https:\/\/frimec.eu\/es\/wp-json\/wp\/v2\/comments?post=3158"}],"version-history":[{"count":1,"href":"https:\/\/frimec.eu\/es\/wp-json\/wp\/v2\/pages\/3158\/revisions"}],"predecessor-version":[{"id":3159,"href":"https:\/\/frimec.eu\/es\/wp-json\/wp\/v2\/pages\/3158\/revisions\/3159"}],"wp:attachment":[{"href":"https:\/\/frimec.eu\/es\/wp-json\/wp\/v2\/media?parent=3158"}],"curies":[{"name":"wp","href":"https:\/\/api.w.org\/{rel}","templated":true}]}}