{"id":3185,"date":"2022-11-22T16:20:08","date_gmt":"2022-11-22T16:20:08","guid":{"rendered":"http:\/\/frimec.eu\/politica-de-cookies-dp\/"},"modified":"2022-12-01T14:20:13","modified_gmt":"2022-12-01T14:20:13","slug":"politica-de-cookies-dp","status":"publish","type":"page","link":"https:\/\/frimec.eu\/es\/politica-de-cookies-dp\/","title":{"rendered":"Pol\u00edtica de cookies Dp"},"content":{"rendered":"\t\t<div data-elementor-type=\"wp-page\" data-elementor-id=\"3185\" class=\"elementor elementor-3185\">\n\t\t\t\t\t\t<section class=\"elementor-section elementor-top-section elementor-element elementor-element-21ca35b2 elementor-section-boxed elementor-section-height-default elementor-section-height-default\" data-id=\"21ca35b2\" data-element_type=\"section\">\n\t\t\t\t\t\t<div class=\"elementor-container elementor-column-gap-default\">\n\t\t\t\t\t<div class=\"elementor-column elementor-col-100 elementor-top-column elementor-element elementor-element-403c2c78\" data-id=\"403c2c78\" data-element_type=\"column\">\n\t\t\t<div class=\"elementor-widget-wrap elementor-element-populated\">\n\t\t\t\t\t\t<div class=\"elementor-element elementor-element-57c0fb7 f-18 elementor-widget elementor-widget-text-editor\" data-id=\"57c0fb7\" data-element_type=\"widget\" data-widget_type=\"text-editor.default\">\n\t\t\t\t<div class=\"elementor-widget-container\">\n\t\t\t\t\t\t\t<p>Esta Pol\u00edtica de Cookies fue actualizada por \u00faltima vez el 5 de marzo de 20222 y se aplica a los ciudadanos y residentes legales permanentes del Espacio Econ\u00f3mico Europeo y Suiza<\/p>\n\t\t\t\t\t\t<\/div>\n\t\t\t\t<\/div>\n\t\t\t\t<div class=\"elementor-element elementor-element-33d0b3c f-18 elementor-widget elementor-widget-text-editor\" data-id=\"33d0b3c\" data-element_type=\"widget\" data-widget_type=\"text-editor.default\">\n\t\t\t\t<div class=\"elementor-widget-container\">\n\t\t\t\t\t\t\t<p>1. Introducci\u00f3n<br \/>Nuestro sitio web, https:\/\/www.sartievolanti.it (a continuaci\u00f3n: &#8220;el sitio web&#8221;) utiliza cookies y otras tecnolog\u00edas relacionadas (para mayor comodidad, todas las tecnolog\u00edas se definen como &#8220;cookies&#8221;). Las cookies tambi\u00e9n se insertan desde las terceras partes que hemos a\u00f1adido. En el siguiente documento le informamos sobre el uso de las cookies en nuestro sitio web.<\/p>\n\t\t\t\t\t\t<\/div>\n\t\t\t\t<\/div>\n\t\t\t\t<div class=\"elementor-element elementor-element-24f226e f-18 elementor-widget elementor-widget-text-editor\" data-id=\"24f226e\" data-element_type=\"widget\" data-widget_type=\"text-editor.default\">\n\t\t\t\t<div class=\"elementor-widget-container\">\n\t\t\t\t\t\t\t<p>2. \u00bfQu\u00e9 son las cookies?<br \/>Las cookies son simples archivos que se env\u00edan a las p\u00e1ginas de este sitio web y que se guardan en el disco duro de su ordenador o en otros dispositivos desde su navegador. La informaci\u00f3n recopilada en ellos puede ser enviada a nuestros servidores o a servidores de terceros durante la pr\u00f3xima visita.<\/p>\n\t\t\t\t\t\t<\/div>\n\t\t\t\t<\/div>\n\t\t\t\t<div class=\"elementor-element elementor-element-9bec43f f-18 elementor-widget elementor-widget-text-editor\" data-id=\"9bec43f\" data-element_type=\"widget\" data-widget_type=\"text-editor.default\">\n\t\t\t\t<div class=\"elementor-widget-container\">\n\t\t\t\t\t\t\t<p>3. \u00bfQu\u00e9 son los guiones?<br \/>Un script es una parte del c\u00f3digo que se utiliza para que nuestro sitio web funcione correctamente y de forma interactiva. Este c\u00f3digo est\u00e1 guardado en nuestro servidor o en su dispositivo.<\/p>\n\t\t\t\t\t\t<\/div>\n\t\t\t\t<\/div>\n\t\t\t\t<div class=\"elementor-element elementor-element-dbde63b f-18 elementor-widget elementor-widget-text-editor\" data-id=\"dbde63b\" data-element_type=\"widget\" data-widget_type=\"text-editor.default\">\n\t\t\t\t<div class=\"elementor-widget-container\">\n\t\t\t\t\t\t\t<p>4. \u00bfQu\u00e9 es una baliza web?<br \/>Una baliza web (o etiqueta de p\u00edxel) es un peque\u00f1o trozo de texto o imagen invisible en un sitio web que se utiliza para supervisar el tr\u00e1fico de un sitio web. Para ello, se conservan varios datos sobre ti utilizando las balizas web.<\/p>\n\t\t\t\t\t\t<\/div>\n\t\t\t\t<\/div>\n\t\t\t\t<div class=\"elementor-element elementor-element-d58b79e f-18 elementor-widget elementor-widget-text-editor\" data-id=\"d58b79e\" data-element_type=\"widget\" data-widget_type=\"text-editor.default\">\n\t\t\t\t<div class=\"elementor-widget-container\">\n\t\t\t\t\t\t\t<p>5. Cookie<br \/>5.1 Cookies t\u00e9cnicas o funcionales<\/p>\n\t\t\t\t\t\t<\/div>\n\t\t\t\t<\/div>\n\t\t\t\t<div class=\"elementor-element elementor-element-b94e02a f-18 elementor-widget elementor-widget-text-editor\" data-id=\"b94e02a\" data-element_type=\"widget\" data-widget_type=\"text-editor.default\">\n\t\t\t\t<div class=\"elementor-widget-container\">\n\t\t\t\t\t\t\t<p>Algunas cookies garantizan el correcto funcionamiento del sitio y que sus preferencias sean tenidas en cuenta. Mediante el uso de cookies funcionales, te facilitamos la visita a nuestro sitio web. De este modo, no podr\u00e1 insertar exactamente la misma informaci\u00f3n cuando visite nuestro sitio web, por ejemplo, el objeto aparecer\u00e1 en su carrito cuando no haya pagado. Podemos utilizar estas cookies sin su consentimiento.<\/p>\n\t\t\t\t\t\t<\/div>\n\t\t\t\t<\/div>\n\t\t\t\t<div class=\"elementor-element elementor-element-a16fa3c f-18 elementor-widget elementor-widget-text-editor\" data-id=\"a16fa3c\" data-element_type=\"widget\" data-widget_type=\"text-editor.default\">\n\t\t\t\t<div class=\"elementor-widget-container\">\n\t\t\t\t\t\t\t<p>5.2 Estad\u00edsticas de las cookies<\/p>\n<p>Utilizamos las cookies estad\u00edsticas para mejorar la experiencia de nuestros usuarios en el sitio web. Con estas cookies estad\u00edsticas obtenemos informaci\u00f3n sobre el uso de nuestro sitio web. Le pedimos su permiso para ver las estad\u00edsticas de las cookies<\/p>\t\t\t\t\t\t<\/div>\n\t\t\t\t<\/div>\n\t\t\t\t<div class=\"elementor-element elementor-element-7ab5c66 f-18 elementor-widget elementor-widget-text-editor\" data-id=\"7ab5c66\" data-element_type=\"widget\" data-widget_type=\"text-editor.default\">\n\t\t\t\t<div class=\"elementor-widget-container\">\n\t\t\t\t\t\t\t<p>5.3 Cookie de marketing\/tracciamento<\/p>\n<p>Las cookies de marketing\/reconocimiento son cookies o cualquier otra forma de memorizaci\u00f3n local, utilizadas para crear perfiles de usuario para visualizar la publicidad o para rastrear al usuario en este sitio web o en otros sitios web con fines de marketing similares.<\/p>\t\t\t\t\t\t<\/div>\n\t\t\t\t<\/div>\n\t\t\t\t<div class=\"elementor-element elementor-element-5affc80 f-18 elementor-widget elementor-widget-text-editor\" data-id=\"5affc80\" data-element_type=\"widget\" data-widget_type=\"text-editor.default\">\n\t\t\t\t<div class=\"elementor-widget-container\">\n\t\t\t\t\t\t\t<p>5.4 Medios sociales de Pulsanti<\/p>\n<p>En nuestro sitio web tambi\u00e9n pulsamos para Facebook, WhatsApp e Instagram con el fin de promover sitios web (es. &#8220;mi piace&#8221;, &#8220;pin&#8221;) o difundir (es. &#8220;tweet&#8221;) en redes sociales como Facebook, WhatsApp e Instagram. Estos pulsadores funcionan con c\u00f3digos procedentes de Facebook, WhatsApp e Instagram. Este c\u00f3digo es una cookie. Estos pulsadores de las redes sociales tambi\u00e9n pueden guardar y procesar cierta informaci\u00f3n, y tambi\u00e9n se puede mostrar un aviso personalizado.<\/p>\t\t\t\t\t\t<\/div>\n\t\t\t\t<\/div>\n\t\t\t\t<div class=\"elementor-element elementor-element-8852c30 f-18 elementor-widget elementor-widget-text-editor\" data-id=\"8852c30\" data-element_type=\"widget\" data-widget_type=\"text-editor.default\">\n\t\t\t\t<div class=\"elementor-widget-container\">\n\t\t\t\t\t\t\t<p>Lee la informaci\u00f3n sobre la privacidad de estas redes sociales (que puede cambiar peri\u00f3dicamente) para saber qu\u00e9 pasa con tus datos (personales) que se procesan con estas cookies. Los datos obtenidos ser\u00e1n an\u00f3nimos en la medida de lo posible. Facebook, WhatsApp e Instagram se encuentran en los Estados Unidos.<\/p>\n\t\t\t\t\t\t<\/div>\n\t\t\t\t<\/div>\n\t\t\t\t<div class=\"elementor-element elementor-element-f00bc38 f-18 elementor-widget elementor-widget-text-editor\" data-id=\"f00bc38\" data-element_type=\"widget\" data-widget_type=\"text-editor.default\">\n\t\t\t\t<div class=\"elementor-widget-container\">\n\t\t\t\t\t\t\t<p>6. Cookie piazzati<br \/>WooCommerce<br \/>Funzionale<\/p>\n\t\t\t\t\t\t<\/div>\n\t\t\t\t<\/div>\n\t\t\t\t<div class=\"elementor-element elementor-element-e594f4b f-18 elementor-widget elementor-widget-text-editor\" data-id=\"e594f4b\" data-element_type=\"widget\" data-widget_type=\"text-editor.default\">\n\t\t\t\t<div class=\"elementor-widget-container\">\n\t\t\t\t\t\t\t<p>Litespeed<br \/>Alcance de la investigaci\u00f3n<\/p>\n\t\t\t\t\t\t<\/div>\n\t\t\t\t<\/div>\n\t\t\t\t<div class=\"elementor-element elementor-element-6bf84e2 f-18 elementor-widget elementor-widget-text-editor\" data-id=\"6bf84e2\" data-element_type=\"widget\" data-widget_type=\"text-editor.default\">\n\t\t\t\t<div class=\"elementor-widget-container\">\n\t\t\t\t\t\t\t<p>Complianz<br \/>Funzionale<\/p>\n\t\t\t\t\t\t<\/div>\n\t\t\t\t<\/div>\n\t\t\t\t<div class=\"elementor-element elementor-element-f7fc364 f-18 elementor-widget elementor-widget-text-editor\" data-id=\"f7fc364\" data-element_type=\"widget\" data-widget_type=\"text-editor.default\">\n\t\t\t\t<div class=\"elementor-widget-container\">\n\t\t\t\t\t\t\t<p>Google Analytics<br \/>Statistiche<\/p>\n\t\t\t\t\t\t<\/div>\n\t\t\t\t<\/div>\n\t\t\t\t<div class=\"elementor-element elementor-element-0270a17 f-18 elementor-widget elementor-widget-text-editor\" data-id=\"0270a17\" data-element_type=\"widget\" data-widget_type=\"text-editor.default\">\n\t\t\t\t<div class=\"elementor-widget-container\">\n\t\t\t\t\t\t\t<p>Consentimiento de las cookies del GDPR<br \/>Funzionale<\/p>\n\t\t\t\t\t\t<\/div>\n\t\t\t\t<\/div>\n\t\t\t\t<div class=\"elementor-element elementor-element-ff4731b f-18 elementor-widget elementor-widget-text-editor\" data-id=\"ff4731b\" data-element_type=\"widget\" data-widget_type=\"text-editor.default\">\n\t\t\t\t<div class=\"elementor-widget-container\">\n\t\t\t\t\t\t\t<p>Google Maps<br \/>Pubblicit\u00e0\/Tracciamento<\/p>\n\t\t\t\t\t\t<\/div>\n\t\t\t\t<\/div>\n\t\t\t\t<div class=\"elementor-element elementor-element-95ce163 f-18 elementor-widget elementor-widget-text-editor\" data-id=\"95ce163\" data-element_type=\"widget\" data-widget_type=\"text-editor.default\">\n\t\t\t\t<div class=\"elementor-widget-container\">\n\t\t\t\t\t\t\t<p>Facebook<br \/>Pubblicit\u00e0\/Tracciamento, Funzionale<\/p>\n\t\t\t\t\t\t<\/div>\n\t\t\t\t<\/div>\n\t\t\t\t<div class=\"elementor-element elementor-element-6e1abea f-18 elementor-widget elementor-widget-text-editor\" data-id=\"6e1abea\" data-element_type=\"widget\" data-widget_type=\"text-editor.default\">\n\t\t\t\t<div class=\"elementor-widget-container\">\n\t\t\t\t\t\t\t<p>WhatsApp<br \/>Funzionale<\/p>\n\t\t\t\t\t\t<\/div>\n\t\t\t\t<\/div>\n\t\t\t\t<div class=\"elementor-element elementor-element-f55b60e f-18 elementor-widget elementor-widget-text-editor\" data-id=\"f55b60e\" data-element_type=\"widget\" data-widget_type=\"text-editor.default\">\n\t\t\t\t<div class=\"elementor-widget-container\">\n\t\t\t\t\t\t\t<p>Instagram<br \/>Pubblicit\u00e0\/Tracciamento<\/p>\n\t\t\t\t\t\t<\/div>\n\t\t\t\t<\/div>\n\t\t\t\t<div class=\"elementor-element elementor-element-4da2aca f-18 elementor-widget elementor-widget-text-editor\" data-id=\"4da2aca\" data-element_type=\"widget\" data-widget_type=\"text-editor.default\">\n\t\t\t\t<div class=\"elementor-widget-container\">\n\t\t\t\t\t\t\t<p>Varie<br \/>Alcance de la investigaci\u00f3n<\/p>\n\t\t\t\t\t\t<\/div>\n\t\t\t\t<\/div>\n\t\t\t\t<div class=\"elementor-element elementor-element-5141ae4 f-18 elementor-widget elementor-widget-text-editor\" data-id=\"5141ae4\" data-element_type=\"widget\" data-widget_type=\"text-editor.default\">\n\t\t\t\t<div class=\"elementor-widget-container\">\n\t\t\t\t\t\t\t<p>7. Consenti<br \/>Cuando visite el sitio web por primera vez, le mostraremos una ventana emergente con una explicaci\u00f3n de las cookies. Al hacer clic en &#8220;Salvar las preferencias&#8221;, nos permite utilizar las categor\u00edas de cookies y plugins descritos en esta declaraci\u00f3n relativa a las ventanas emergentes y las cookies. Puede desactivar las cookies a trav\u00e9s de su navegador, pero tenga en cuenta que nuestro sitio web podr\u00eda no funcionar correctamente.<\/p>\n\t\t\t\t\t\t<\/div>\n\t\t\t\t<\/div>\n\t\t\t\t<div class=\"elementor-element elementor-element-7aee7ca f-18 elementor-widget elementor-widget-text-editor\" data-id=\"7aee7ca\" data-element_type=\"widget\" data-widget_type=\"text-editor.default\">\n\t\t\t\t<div class=\"elementor-widget-container\">\n\t\t\t\t\t\t\t<p>7.1 Gestionar las imposiciones de consenso<\/p>\n<p>Funzionale<br>Siempre atento<br>Statistiche<\/p>\n<p>Marketing<\/p>\t\t\t\t\t\t<\/div>\n\t\t\t\t<\/div>\n\t\t\t\t<div class=\"elementor-element elementor-element-07b955b f-18 elementor-widget elementor-widget-text-editor\" data-id=\"07b955b\" data-element_type=\"widget\" data-widget_type=\"text-editor.default\">\n\t\t\t\t<div class=\"elementor-widget-container\">\n\t\t\t\t\t\t\t<p>8. Sus derechos sobre los datos personales<br \/>Tienes los siguientes derechos relacionados con tus datos personales:<\/p>\n\t\t\t\t\t\t<\/div>\n\t\t\t\t<\/div>\n\t\t\t\t<div class=\"elementor-element elementor-element-33095ba f-18 elementor-widget elementor-widget-text-editor\" data-id=\"33095ba\" data-element_type=\"widget\" data-widget_type=\"text-editor.default\">\n\t\t\t\t<div class=\"elementor-widget-container\">\n\t\t\t\t\t\t\t<p>Tienes derecho a saber cu\u00e1ndo son necesarios tus datos personales, qu\u00e9 pasa con ellos y qu\u00e9 se mantiene a largo plazo.<br \/>Derecho de acceso: tienes derecho a acceder a tus datos personales que conocemos.<br \/>Derecho de rectificaci\u00f3n: tienes derecho a completar, corregir, cancelar o bloquear tus datos personales cuando lo desees.<br \/>Si usted ha dado su consentimiento para la elaboraci\u00f3n de sus datos, tiene derecho a revocar dicho consentimiento y a eliminar sus datos personales.<br \/>Derecho a transferir tus datos: tienes derecho a obtener todos tus datos del controlador y a transferirlos a otro controlador.<br \/>Derecho de Obediencia: tiene derecho de Obediencia sobre el proceso de sus datos. Nos gustar\u00eda que esta elecci\u00f3n se llevara a cabo, a menos que no haya bases v\u00e1lidas para el proceso.<\/p>\n\t\t\t\t\t\t<\/div>\n\t\t\t\t<\/div>\n\t\t\t\t<div class=\"elementor-element elementor-element-af46e22 f-18 elementor-widget elementor-widget-text-editor\" data-id=\"af46e22\" data-element_type=\"widget\" data-widget_type=\"text-editor.default\">\n\t\t\t\t<div class=\"elementor-widget-container\">\n\t\t\t\t\t\t\t<p>Para ejercer estos derechos, no es necesario que te pongas en contacto con nosotros. Se recomienda consultar los detalles de contacto en el fondo de esta Pol\u00edtica de Cookies. Si tienes una reclamaci\u00f3n sobre c\u00f3mo gestionamos tus datos, queremos sentirlo, pero tambi\u00e9n tienes derecho a presentar una reclamaci\u00f3n a la autoridad de vigilancia (la Autoridad para la Protecci\u00f3n de los Datos).<\/p>\n\t\t\t\t\t\t<\/div>\n\t\t\t\t<\/div>\n\t\t\t\t<div class=\"elementor-element elementor-element-5668d40 f-18 elementor-widget elementor-widget-text-editor\" data-id=\"5668d40\" data-element_type=\"widget\" data-widget_type=\"text-editor.default\">\n\t\t\t\t<div class=\"elementor-widget-container\">\n\t\t\t\t\t\t\t<p>9. Activaci\u00f3n\/desactivaci\u00f3n y cancelaci\u00f3n de cookies<br \/>Puede utilizar su navegador para cancelar autom\u00e1tica o manualmente las cookies. Tambi\u00e9n es posible especificar que determinadas cookies no pueden ser utilizadas. Otra opci\u00f3n es la de modificar los<\/p>\n\t\t\t\t\t\t<\/div>\n\t\t\t\t<\/div>\n\t\t\t\t\t<\/div>\n\t\t<\/div>\n\t\t\t\t\t<\/div>\n\t\t<\/section>\n\t\t\t\t<\/div>\n\t\t","protected":false},"excerpt":{"rendered":"<p>Esta Pol\u00edtica de Cookies fue actualizada por \u00faltima vez el 5 de marzo de 20222 y se aplica a los ciudadanos y residentes legales permanentes del Espacio Econ\u00f3mico Europeo y Suiza 1. Introducci\u00f3nNuestro sitio web, https:\/\/www.sartievolanti.it (a continuaci\u00f3n: &#8220;el sitio web&#8221;) utiliza cookies y otras tecnolog\u00edas relacionadas (para mayor comodidad, todas las tecnolog\u00edas se definen [&hellip;]<\/p>\n","protected":false},"author":1,"featured_media":0,"parent":0,"menu_order":0,"comment_status":"closed","ping_status":"closed","template":"page-fullwidth.php","meta":{"_acf_changed":false,"footnotes":""},"class_list":["post-3185","page","type-page","status-publish","hentry"],"acf":[],"yoast_head":"<!-- This site is optimized with the Yoast SEO plugin v23.8 - https:\/\/yoast.com\/wordpress\/plugins\/seo\/ -->\n<title>Pol\u00edtica de cookies Dp - frimec.eu<\/title>\n<meta name=\"robots\" content=\"index, follow, max-snippet:-1, max-image-preview:large, max-video-preview:-1\" \/>\n<link rel=\"canonical\" href=\"https:\/\/frimec.eu\/es\/politica-de-cookies-dp\/\" \/>\n<meta property=\"og:locale\" content=\"es_ES\" \/>\n<meta property=\"og:type\" content=\"article\" \/>\n<meta property=\"og:title\" content=\"Pol\u00edtica de cookies Dp - frimec.eu\" \/>\n<meta property=\"og:description\" content=\"Esta Pol\u00edtica de Cookies fue actualizada por \u00faltima vez el 5 de marzo de 20222 y se aplica a los ciudadanos y residentes legales permanentes del Espacio Econ\u00f3mico Europeo y Suiza 1. Introducci\u00f3nNuestro sitio web, https:\/\/www.sartievolanti.it (a continuaci\u00f3n: &#8220;el sitio web&#8221;) utiliza cookies y otras tecnolog\u00edas relacionadas (para mayor comodidad, todas las tecnolog\u00edas se definen [&hellip;]\" \/>\n<meta property=\"og:url\" content=\"https:\/\/frimec.eu\/es\/politica-de-cookies-dp\/\" \/>\n<meta property=\"og:site_name\" content=\"frimec.eu\" \/>\n<meta property=\"article:modified_time\" content=\"2022-12-01T14:20:13+00:00\" \/>\n<meta name=\"twitter:card\" content=\"summary_large_image\" \/>\n<meta name=\"twitter:label1\" content=\"Est. reading time\" \/>\n\t<meta name=\"twitter:data1\" content=\"5 minutes\" \/>\n<script type=\"application\/ld+json\" class=\"yoast-schema-graph\">{\"@context\":\"https:\/\/schema.org\",\"@graph\":[{\"@type\":\"WebPage\",\"@id\":\"https:\/\/frimec.eu\/es\/politica-de-cookies-dp\/\",\"url\":\"https:\/\/frimec.eu\/es\/politica-de-cookies-dp\/\",\"name\":\"Pol\u00edtica de cookies Dp - frimec.eu\",\"isPartOf\":{\"@id\":\"https:\/\/frimec.eu\/es\/#website\"},\"datePublished\":\"2022-11-22T16:20:08+00:00\",\"dateModified\":\"2022-12-01T14:20:13+00:00\",\"breadcrumb\":{\"@id\":\"https:\/\/frimec.eu\/es\/politica-de-cookies-dp\/#breadcrumb\"},\"inLanguage\":\"es-ES\",\"potentialAction\":[{\"@type\":\"ReadAction\",\"target\":[\"https:\/\/frimec.eu\/es\/politica-de-cookies-dp\/\"]}]},{\"@type\":\"BreadcrumbList\",\"@id\":\"https:\/\/frimec.eu\/es\/politica-de-cookies-dp\/#breadcrumb\",\"itemListElement\":[{\"@type\":\"ListItem\",\"position\":1,\"name\":\"Home\",\"item\":\"https:\/\/frimec.eu\/es\/\"},{\"@type\":\"ListItem\",\"position\":2,\"name\":\"Pol\u00edtica de cookies Dp\"}]},{\"@type\":\"WebSite\",\"@id\":\"https:\/\/frimec.eu\/es\/#website\",\"url\":\"https:\/\/frimec.eu\/es\/\",\"name\":\"frimec.eu\",\"description\":\"\",\"potentialAction\":[{\"@type\":\"SearchAction\",\"target\":{\"@type\":\"EntryPoint\",\"urlTemplate\":\"https:\/\/frimec.eu\/es\/?s={search_term_string}\"},\"query-input\":{\"@type\":\"PropertyValueSpecification\",\"valueRequired\":true,\"valueName\":\"search_term_string\"}}],\"inLanguage\":\"es-ES\"}]}<\/script>\n<!-- \/ Yoast SEO plugin. -->","yoast_head_json":{"title":"Pol\u00edtica de cookies Dp - frimec.eu","robots":{"index":"index","follow":"follow","max-snippet":"max-snippet:-1","max-image-preview":"max-image-preview:large","max-video-preview":"max-video-preview:-1"},"canonical":"https:\/\/frimec.eu\/es\/politica-de-cookies-dp\/","og_locale":"es_ES","og_type":"article","og_title":"Pol\u00edtica de cookies Dp - frimec.eu","og_description":"Esta Pol\u00edtica de Cookies fue actualizada por \u00faltima vez el 5 de marzo de 20222 y se aplica a los ciudadanos y residentes legales permanentes del Espacio Econ\u00f3mico Europeo y Suiza 1. Introducci\u00f3nNuestro sitio web, https:\/\/www.sartievolanti.it (a continuaci\u00f3n: &#8220;el sitio web&#8221;) utiliza cookies y otras tecnolog\u00edas relacionadas (para mayor comodidad, todas las tecnolog\u00edas se definen [&hellip;]","og_url":"https:\/\/frimec.eu\/es\/politica-de-cookies-dp\/","og_site_name":"frimec.eu","article_modified_time":"2022-12-01T14:20:13+00:00","twitter_card":"summary_large_image","twitter_misc":{"Est. reading time":"5 minutes"},"schema":{"@context":"https:\/\/schema.org","@graph":[{"@type":"WebPage","@id":"https:\/\/frimec.eu\/es\/politica-de-cookies-dp\/","url":"https:\/\/frimec.eu\/es\/politica-de-cookies-dp\/","name":"Pol\u00edtica de cookies Dp - frimec.eu","isPartOf":{"@id":"https:\/\/frimec.eu\/es\/#website"},"datePublished":"2022-11-22T16:20:08+00:00","dateModified":"2022-12-01T14:20:13+00:00","breadcrumb":{"@id":"https:\/\/frimec.eu\/es\/politica-de-cookies-dp\/#breadcrumb"},"inLanguage":"es-ES","potentialAction":[{"@type":"ReadAction","target":["https:\/\/frimec.eu\/es\/politica-de-cookies-dp\/"]}]},{"@type":"BreadcrumbList","@id":"https:\/\/frimec.eu\/es\/politica-de-cookies-dp\/#breadcrumb","itemListElement":[{"@type":"ListItem","position":1,"name":"Home","item":"https:\/\/frimec.eu\/es\/"},{"@type":"ListItem","position":2,"name":"Pol\u00edtica de cookies Dp"}]},{"@type":"WebSite","@id":"https:\/\/frimec.eu\/es\/#website","url":"https:\/\/frimec.eu\/es\/","name":"frimec.eu","description":"","potentialAction":[{"@type":"SearchAction","target":{"@type":"EntryPoint","urlTemplate":"https:\/\/frimec.eu\/es\/?s={search_term_string}"},"query-input":{"@type":"PropertyValueSpecification","valueRequired":true,"valueName":"search_term_string"}}],"inLanguage":"es-ES"}]}},"_links":{"self":[{"href":"https:\/\/frimec.eu\/es\/wp-json\/wp\/v2\/pages\/3185"}],"collection":[{"href":"https:\/\/frimec.eu\/es\/wp-json\/wp\/v2\/pages"}],"about":[{"href":"https:\/\/frimec.eu\/es\/wp-json\/wp\/v2\/types\/page"}],"author":[{"embeddable":true,"href":"https:\/\/frimec.eu\/es\/wp-json\/wp\/v2\/users\/1"}],"replies":[{"embeddable":true,"href":"https:\/\/frimec.eu\/es\/wp-json\/wp\/v2\/comments?post=3185"}],"version-history":[{"count":1,"href":"https:\/\/frimec.eu\/es\/wp-json\/wp\/v2\/pages\/3185\/revisions"}],"predecessor-version":[{"id":3186,"href":"https:\/\/frimec.eu\/es\/wp-json\/wp\/v2\/pages\/3185\/revisions\/3186"}],"wp:attachment":[{"href":"https:\/\/frimec.eu\/es\/wp-json\/wp\/v2\/media?parent=3185"}],"curies":[{"name":"wp","href":"https:\/\/api.w.org\/{rel}","templated":true}]}}