{"id":3210,"date":"2022-11-28T15:06:21","date_gmt":"2022-11-28T15:06:21","guid":{"rendered":"http:\/\/frimec.eu\/medios-de-comunicacion-social\/"},"modified":"2023-02-01T09:16:53","modified_gmt":"2023-02-01T09:16:53","slug":"medios-de-comunicacion-social","status":"publish","type":"page","link":"https:\/\/frimec.eu\/es\/medios-de-comunicacion-social\/","title":{"rendered":"Medios de comunicaci\u00f3n social"},"content":{"rendered":"\t\t<div data-elementor-type=\"wp-page\" data-elementor-id=\"3210\" class=\"elementor elementor-3210 elementor-2267\">\n\t\t\t\t\t\t<section class=\"elementor-section elementor-top-section elementor-element elementor-element-1c2289e elementor-section-boxed elementor-section-height-default elementor-section-height-default\" data-id=\"1c2289e\" data-element_type=\"section\">\n\t\t\t\t\t\t<div class=\"elementor-container elementor-column-gap-default\">\n\t\t\t\t\t<div class=\"elementor-column elementor-col-100 elementor-top-column elementor-element elementor-element-b2058dc\" data-id=\"b2058dc\" data-element_type=\"column\">\n\t\t\t<div class=\"elementor-widget-wrap elementor-element-populated\">\n\t\t\t\t\t\t<section class=\"elementor-section elementor-inner-section elementor-element elementor-element-f18ffb8 elementor-section-boxed elementor-section-height-default elementor-section-height-default\" data-id=\"f18ffb8\" data-element_type=\"section\">\n\t\t\t\t\t\t<div class=\"elementor-container elementor-column-gap-default\">\n\t\t\t\t\t<div class=\"elementor-column elementor-col-50 elementor-inner-column elementor-element elementor-element-2811daf\" data-id=\"2811daf\" data-element_type=\"column\">\n\t\t\t<div class=\"elementor-widget-wrap elementor-element-populated\">\n\t\t\t\t\t\t<div class=\"elementor-element elementor-element-a22709b elementor-widget elementor-widget-image\" data-id=\"a22709b\" data-element_type=\"widget\" data-widget_type=\"image.default\">\n\t\t\t\t<div class=\"elementor-widget-container\">\n\t\t\t\t\t\t\t\t\t\t\t\t\t<img fetchpriority=\"high\" decoding=\"async\" width=\"379\" height=\"505\" src=\"https:\/\/frimec.eu\/wp-content\/uploads\/2022\/11\/pexels-tracy-le-blanc-607812.png\" class=\"attachment-full size-full wp-image-2271\" alt=\"\" srcset=\"https:\/\/frimec.eu\/wp-content\/uploads\/2022\/11\/pexels-tracy-le-blanc-607812.png 379w, https:\/\/frimec.eu\/wp-content\/uploads\/2022\/11\/pexels-tracy-le-blanc-607812-225x300.png 225w\" sizes=\"(max-width: 379px) 100vw, 379px\" \/>\t\t\t\t\t\t\t\t\t\t\t\t\t<\/div>\n\t\t\t\t<\/div>\n\t\t\t\t\t<\/div>\n\t\t<\/div>\n\t\t\t\t<div class=\"elementor-column elementor-col-50 elementor-inner-column elementor-element elementor-element-82c59d1\" data-id=\"82c59d1\" data-element_type=\"column\">\n\t\t\t<div class=\"elementor-widget-wrap elementor-element-populated\">\n\t\t\t\t\t\t<div class=\"elementor-element elementor-element-8470320 f-30 elementor-widget elementor-widget-heading\" data-id=\"8470320\" data-element_type=\"widget\" data-widget_type=\"heading.default\">\n\t\t\t\t<div class=\"elementor-widget-container\">\n\t\t\t<h2 class=\"elementor-heading-title elementor-size-default\">Medios sociales, la lista de los principales medios sociales<\/h2>\t\t<\/div>\n\t\t\t\t<\/div>\n\t\t\t\t<div class=\"elementor-element elementor-element-b6bd4b1 f-18 elementor-widget elementor-widget-text-editor\" data-id=\"b6bd4b1\" data-element_type=\"widget\" data-widget_type=\"text-editor.default\">\n\t\t\t\t<div class=\"elementor-widget-container\">\n\t\t\t\t\t\t\t<p>\n            <span style=\"color: #000000;\">El mundo de las redes sociales es muy vasto y tiende a ampliarse d\u00eda a d\u00eda: he aqu\u00ed nuestros principales canales.<\/span>\n          <\/p>\n\t\t\t\t\t\t<\/div>\n\t\t\t\t<\/div>\n\t\t\t\t<div class=\"elementor-element elementor-element-9f96d75 f-24 elementor-icon-list--layout-traditional elementor-list-item-link-full_width elementor-widget elementor-widget-icon-list\" data-id=\"9f96d75\" data-element_type=\"widget\" data-widget_type=\"icon-list.default\">\n\t\t\t\t<div class=\"elementor-widget-container\">\n\t\t\t\t\t<ul class=\"elementor-icon-list-items\">\n\t\t\t\t\t\t\t<li class=\"elementor-icon-list-item\">\n\t\t\t\t\t\t\t\t\t\t\t<a href=\"#\">\n\n\t\t\t\t\t\t\t\t\t\t\t\t<span class=\"elementor-icon-list-icon\">\n\t\t\t\t\t\t\t<i aria-hidden=\"true\" class=\"fab fa-facebook\"><\/i>\t\t\t\t\t\t<\/span>\n\t\t\t\t\t\t\t\t\t\t<span class=\"elementor-icon-list-text\">Facebook<\/span>\n\t\t\t\t\t\t\t\t\t\t\t<\/a>\n\t\t\t\t\t\t\t\t\t<\/li>\n\t\t\t\t\t\t\t\t<li class=\"elementor-icon-list-item\">\n\t\t\t\t\t\t\t\t\t\t\t<a href=\"#\">\n\n\t\t\t\t\t\t\t\t\t\t\t\t<span class=\"elementor-icon-list-icon\">\n\t\t\t\t\t\t\t<i aria-hidden=\"true\" class=\"fab fa-instagram\"><\/i>\t\t\t\t\t\t<\/span>\n\t\t\t\t\t\t\t\t\t\t<span class=\"elementor-icon-list-text\">Instagram<\/span>\n\t\t\t\t\t\t\t\t\t\t\t<\/a>\n\t\t\t\t\t\t\t\t\t<\/li>\n\t\t\t\t\t\t\t\t<li class=\"elementor-icon-list-item\">\n\t\t\t\t\t\t\t\t\t\t\t<a href=\"#\">\n\n\t\t\t\t\t\t\t\t\t\t\t\t<span class=\"elementor-icon-list-icon\">\n\t\t\t\t\t\t\t<i aria-hidden=\"true\" class=\"fab fa-google\"><\/i>\t\t\t\t\t\t<\/span>\n\t\t\t\t\t\t\t\t\t\t<span class=\"elementor-icon-list-text\">Google Business<\/span>\n\t\t\t\t\t\t\t\t\t\t\t<\/a>\n\t\t\t\t\t\t\t\t\t<\/li>\n\t\t\t\t\t\t\t\t<li class=\"elementor-icon-list-item\">\n\t\t\t\t\t\t\t\t\t\t\t<a href=\"#\">\n\n\t\t\t\t\t\t\t\t\t\t\t\t<span class=\"elementor-icon-list-icon\">\n\t\t\t\t\t\t\t<i aria-hidden=\"true\" class=\"fab fa-linkedin\"><\/i>\t\t\t\t\t\t<\/span>\n\t\t\t\t\t\t\t\t\t\t<span class=\"elementor-icon-list-text\">Linkedin<\/span>\n\t\t\t\t\t\t\t\t\t\t\t<\/a>\n\t\t\t\t\t\t\t\t\t<\/li>\n\t\t\t\t\t\t\t\t<li class=\"elementor-icon-list-item\">\n\t\t\t\t\t\t\t\t\t\t\t<a href=\"#\">\n\n\t\t\t\t\t\t\t\t\t\t\t\t<span class=\"elementor-icon-list-icon\">\n\t\t\t\t\t\t\t<i aria-hidden=\"true\" class=\"fab fa-whatsapp-square\"><\/i>\t\t\t\t\t\t<\/span>\n\t\t\t\t\t\t\t\t\t\t<span class=\"elementor-icon-list-text\">Whatsapp<\/span>\n\t\t\t\t\t\t\t\t\t\t\t<\/a>\n\t\t\t\t\t\t\t\t\t<\/li>\n\t\t\t\t\t\t<\/ul>\n\t\t\t\t<\/div>\n\t\t\t\t<\/div>\n\t\t\t\t\t<\/div>\n\t\t<\/div>\n\t\t\t\t\t<\/div>\n\t\t<\/section>\n\t\t\t\t\t<\/div>\n\t\t<\/div>\n\t\t\t\t\t<\/div>\n\t\t<\/section>\n\t\t\t\t<\/div>\n\t\t","protected":false},"excerpt":{"rendered":"<p>Medios sociales, la lista de los principales medios sociales El mundo de las redes sociales es muy vasto y tiende a ampliarse d\u00eda a d\u00eda: he aqu\u00ed nuestros principales canales. Facebook Instagram Google Business Linkedin Whatsapp<\/p>\n","protected":false},"author":1,"featured_media":0,"parent":0,"menu_order":0,"comment_status":"closed","ping_status":"closed","template":"page-fullwidth.php","meta":{"_acf_changed":false,"footnotes":""},"class_list":["post-3210","page","type-page","status-publish","hentry"],"acf":[],"yoast_head":"<!-- This site is optimized with the Yoast SEO plugin v23.8 - https:\/\/yoast.com\/wordpress\/plugins\/seo\/ -->\n<title>Medios de comunicaci\u00f3n social - frimec.eu<\/title>\n<meta name=\"robots\" content=\"index, follow, max-snippet:-1, max-image-preview:large, max-video-preview:-1\" \/>\n<link rel=\"canonical\" href=\"https:\/\/frimec.eu\/es\/medios-de-comunicacion-social\/\" \/>\n<meta property=\"og:locale\" content=\"es_ES\" \/>\n<meta property=\"og:type\" content=\"article\" \/>\n<meta property=\"og:title\" content=\"Medios de comunicaci\u00f3n social - frimec.eu\" \/>\n<meta property=\"og:description\" content=\"Medios sociales, la lista de los principales medios sociales El mundo de las redes sociales es muy vasto y tiende a ampliarse d\u00eda a d\u00eda: he aqu\u00ed nuestros principales canales. Facebook Instagram Google Business Linkedin Whatsapp\" \/>\n<meta property=\"og:url\" content=\"https:\/\/frimec.eu\/es\/medios-de-comunicacion-social\/\" \/>\n<meta property=\"og:site_name\" content=\"frimec.eu\" \/>\n<meta property=\"article:modified_time\" content=\"2023-02-01T09:16:53+00:00\" \/>\n<meta property=\"og:image\" content=\"https:\/\/frimec.eu\/wp-content\/uploads\/2022\/11\/pexels-tracy-le-blanc-607812.png\" \/>\n<meta name=\"twitter:card\" content=\"summary_large_image\" \/>\n<script type=\"application\/ld+json\" class=\"yoast-schema-graph\">{\"@context\":\"https:\/\/schema.org\",\"@graph\":[{\"@type\":\"WebPage\",\"@id\":\"https:\/\/frimec.eu\/es\/medios-de-comunicacion-social\/\",\"url\":\"https:\/\/frimec.eu\/es\/medios-de-comunicacion-social\/\",\"name\":\"Medios de comunicaci\u00f3n social - frimec.eu\",\"isPartOf\":{\"@id\":\"https:\/\/frimec.eu\/es\/#website\"},\"primaryImageOfPage\":{\"@id\":\"https:\/\/frimec.eu\/es\/medios-de-comunicacion-social\/#primaryimage\"},\"image\":{\"@id\":\"https:\/\/frimec.eu\/es\/medios-de-comunicacion-social\/#primaryimage\"},\"thumbnailUrl\":\"https:\/\/frimec.eu\/wp-content\/uploads\/2022\/11\/pexels-tracy-le-blanc-607812.png\",\"datePublished\":\"2022-11-28T15:06:21+00:00\",\"dateModified\":\"2023-02-01T09:16:53+00:00\",\"breadcrumb\":{\"@id\":\"https:\/\/frimec.eu\/es\/medios-de-comunicacion-social\/#breadcrumb\"},\"inLanguage\":\"es-ES\",\"potentialAction\":[{\"@type\":\"ReadAction\",\"target\":[\"https:\/\/frimec.eu\/es\/medios-de-comunicacion-social\/\"]}]},{\"@type\":\"ImageObject\",\"inLanguage\":\"es-ES\",\"@id\":\"https:\/\/frimec.eu\/es\/medios-de-comunicacion-social\/#primaryimage\",\"url\":\"https:\/\/frimec.eu\/wp-content\/uploads\/2022\/11\/pexels-tracy-le-blanc-607812.png\",\"contentUrl\":\"https:\/\/frimec.eu\/wp-content\/uploads\/2022\/11\/pexels-tracy-le-blanc-607812.png\"},{\"@type\":\"BreadcrumbList\",\"@id\":\"https:\/\/frimec.eu\/es\/medios-de-comunicacion-social\/#breadcrumb\",\"itemListElement\":[{\"@type\":\"ListItem\",\"position\":1,\"name\":\"Home\",\"item\":\"https:\/\/frimec.eu\/es\/\"},{\"@type\":\"ListItem\",\"position\":2,\"name\":\"Medios de comunicaci\u00f3n social\"}]},{\"@type\":\"WebSite\",\"@id\":\"https:\/\/frimec.eu\/es\/#website\",\"url\":\"https:\/\/frimec.eu\/es\/\",\"name\":\"frimec.eu\",\"description\":\"\",\"potentialAction\":[{\"@type\":\"SearchAction\",\"target\":{\"@type\":\"EntryPoint\",\"urlTemplate\":\"https:\/\/frimec.eu\/es\/?s={search_term_string}\"},\"query-input\":{\"@type\":\"PropertyValueSpecification\",\"valueRequired\":true,\"valueName\":\"search_term_string\"}}],\"inLanguage\":\"es-ES\"}]}<\/script>\n<!-- \/ Yoast SEO plugin. -->","yoast_head_json":{"title":"Medios de comunicaci\u00f3n social - frimec.eu","robots":{"index":"index","follow":"follow","max-snippet":"max-snippet:-1","max-image-preview":"max-image-preview:large","max-video-preview":"max-video-preview:-1"},"canonical":"https:\/\/frimec.eu\/es\/medios-de-comunicacion-social\/","og_locale":"es_ES","og_type":"article","og_title":"Medios de comunicaci\u00f3n social - frimec.eu","og_description":"Medios sociales, la lista de los principales medios sociales El mundo de las redes sociales es muy vasto y tiende a ampliarse d\u00eda a d\u00eda: he aqu\u00ed nuestros principales canales. Facebook Instagram Google Business Linkedin Whatsapp","og_url":"https:\/\/frimec.eu\/es\/medios-de-comunicacion-social\/","og_site_name":"frimec.eu","article_modified_time":"2023-02-01T09:16:53+00:00","og_image":[{"url":"https:\/\/frimec.eu\/wp-content\/uploads\/2022\/11\/pexels-tracy-le-blanc-607812.png"}],"twitter_card":"summary_large_image","schema":{"@context":"https:\/\/schema.org","@graph":[{"@type":"WebPage","@id":"https:\/\/frimec.eu\/es\/medios-de-comunicacion-social\/","url":"https:\/\/frimec.eu\/es\/medios-de-comunicacion-social\/","name":"Medios de comunicaci\u00f3n social - frimec.eu","isPartOf":{"@id":"https:\/\/frimec.eu\/es\/#website"},"primaryImageOfPage":{"@id":"https:\/\/frimec.eu\/es\/medios-de-comunicacion-social\/#primaryimage"},"image":{"@id":"https:\/\/frimec.eu\/es\/medios-de-comunicacion-social\/#primaryimage"},"thumbnailUrl":"https:\/\/frimec.eu\/wp-content\/uploads\/2022\/11\/pexels-tracy-le-blanc-607812.png","datePublished":"2022-11-28T15:06:21+00:00","dateModified":"2023-02-01T09:16:53+00:00","breadcrumb":{"@id":"https:\/\/frimec.eu\/es\/medios-de-comunicacion-social\/#breadcrumb"},"inLanguage":"es-ES","potentialAction":[{"@type":"ReadAction","target":["https:\/\/frimec.eu\/es\/medios-de-comunicacion-social\/"]}]},{"@type":"ImageObject","inLanguage":"es-ES","@id":"https:\/\/frimec.eu\/es\/medios-de-comunicacion-social\/#primaryimage","url":"https:\/\/frimec.eu\/wp-content\/uploads\/2022\/11\/pexels-tracy-le-blanc-607812.png","contentUrl":"https:\/\/frimec.eu\/wp-content\/uploads\/2022\/11\/pexels-tracy-le-blanc-607812.png"},{"@type":"BreadcrumbList","@id":"https:\/\/frimec.eu\/es\/medios-de-comunicacion-social\/#breadcrumb","itemListElement":[{"@type":"ListItem","position":1,"name":"Home","item":"https:\/\/frimec.eu\/es\/"},{"@type":"ListItem","position":2,"name":"Medios de comunicaci\u00f3n social"}]},{"@type":"WebSite","@id":"https:\/\/frimec.eu\/es\/#website","url":"https:\/\/frimec.eu\/es\/","name":"frimec.eu","description":"","potentialAction":[{"@type":"SearchAction","target":{"@type":"EntryPoint","urlTemplate":"https:\/\/frimec.eu\/es\/?s={search_term_string}"},"query-input":{"@type":"PropertyValueSpecification","valueRequired":true,"valueName":"search_term_string"}}],"inLanguage":"es-ES"}]}},"_links":{"self":[{"href":"https:\/\/frimec.eu\/es\/wp-json\/wp\/v2\/pages\/3210"}],"collection":[{"href":"https:\/\/frimec.eu\/es\/wp-json\/wp\/v2\/pages"}],"about":[{"href":"https:\/\/frimec.eu\/es\/wp-json\/wp\/v2\/types\/page"}],"author":[{"embeddable":true,"href":"https:\/\/frimec.eu\/es\/wp-json\/wp\/v2\/users\/1"}],"replies":[{"embeddable":true,"href":"https:\/\/frimec.eu\/es\/wp-json\/wp\/v2\/comments?post=3210"}],"version-history":[{"count":2,"href":"https:\/\/frimec.eu\/es\/wp-json\/wp\/v2\/pages\/3210\/revisions"}],"predecessor-version":[{"id":5806,"href":"https:\/\/frimec.eu\/es\/wp-json\/wp\/v2\/pages\/3210\/revisions\/5806"}],"wp:attachment":[{"href":"https:\/\/frimec.eu\/es\/wp-json\/wp\/v2\/media?parent=3210"}],"curies":[{"name":"wp","href":"https:\/\/api.w.org\/{rel}","templated":true}]}}