{"id":3218,"date":"2022-11-29T16:05:59","date_gmt":"2022-11-29T16:05:59","guid":{"rendered":"http:\/\/frimec.eu\/privacy-policy-dp\/"},"modified":"2022-12-01T15:04:23","modified_gmt":"2022-12-01T15:04:23","slug":"privacy-policy-dp","status":"publish","type":"page","link":"https:\/\/frimec.eu\/es\/privacy-policy-dp\/","title":{"rendered":"Privacy Policy Dp"},"content":{"rendered":"\t\t<div data-elementor-type=\"wp-page\" data-elementor-id=\"3218\" class=\"elementor elementor-3218 elementor-3022\">\n\t\t\t\t\t\t<section class=\"elementor-section elementor-top-section elementor-element elementor-element-5025bcf elementor-section-boxed elementor-section-height-default elementor-section-height-default\" data-id=\"5025bcf\" data-element_type=\"section\">\n\t\t\t\t\t\t<div class=\"elementor-container elementor-column-gap-default\">\n\t\t\t\t\t<div class=\"elementor-column elementor-col-100 elementor-top-column elementor-element elementor-element-353b1d1\" data-id=\"353b1d1\" data-element_type=\"column\">\n\t\t\t<div class=\"elementor-widget-wrap elementor-element-populated\">\n\t\t\t\t\t\t<div class=\"elementor-element elementor-element-249d7a8 f-18 elementor-widget elementor-widget-text-editor\" data-id=\"249d7a8\" data-element_type=\"widget\" data-widget_type=\"text-editor.default\">\n\t\t\t\t<div class=\"elementor-widget-container\">\n\t\t\t\t\t\t\t<p>This privacy statement was last updated on Marzo 5, 2022 and applies to citizens and legal permanent residents of the European Economic Area and Switzerland.<\/p>\n\t\t\t\t\t\t<\/div>\n\t\t\t\t<\/div>\n\t\t\t\t<div class=\"elementor-element elementor-element-5daa516 f-18 elementor-widget elementor-widget-text-editor\" data-id=\"5daa516\" data-element_type=\"widget\" data-widget_type=\"text-editor.default\">\n\t\t\t\t<div class=\"elementor-widget-container\">\n\t\t\t\t\t\t\t<p>In questa dichiarazione sulla privacy, spieghiamo cosa facciamo con i dati che otteniamo da te attraverso https:\/\/www.sartievolanti.it. Ti consigliamo di leggere attentamente la dichiarazione. Durante l&#8217;elaborazione rispettiamo i requisiti della legislazione sulla privacy. Ci\u00f2 significa, tra le altre cose, che:<\/p>\n\t\t\t\t\t\t<\/div>\n\t\t\t\t<\/div>\n\t\t\t\t<div class=\"elementor-element elementor-element-5dae618 f-18 elementor-widget elementor-widget-text-editor\" data-id=\"5dae618\" data-element_type=\"widget\" data-widget_type=\"text-editor.default\">\n\t\t\t\t<div class=\"elementor-widget-container\">\n\t\t\t\t\t\t\t<p>comunichiamo chiaramente il motivo per il quale processiamo dati personali. Facciamo questo per mezzo di questa dichiarazione sulla privacy;<br \/>miriamo a limitare la raccolta di dati personali solo ai dati personali richiesti per scopi legittimi;<br \/>prima chiediamo il tuo esplicito consenso per processare i tuoi dati personali nei casi che richiedono il tuo consenso;<br \/>adottiamo misure di sicurezza appropriate per proteggere i tuoi dati personali e lo richiediamo anche da parti che elaborano dati personali per nostro conto;<br \/>rispettiamo il tuo diritto di accesso ai tuoi dati personali o di averli corretti o cancellati, su tua richiesta.<br \/>Se hai domande o vuoi sapere esattamente quali dati conserviamo, contattaci<\/p>\n\t\t\t\t\t\t<\/div>\n\t\t\t\t<\/div>\n\t\t\t\t<div class=\"elementor-element elementor-element-9cd9ccc f-18 elementor-widget elementor-widget-text-editor\" data-id=\"9cd9ccc\" data-element_type=\"widget\" data-widget_type=\"text-editor.default\">\n\t\t\t\t<div class=\"elementor-widget-container\">\n\t\t\t\t\t\t\t<p>1. Scopo, dati e periodo di conservazione<br \/>Possiamo raccogliere o ricevere informazioni personali per una serie di scopi legati alle nostre operazioni commerciali che possono includere quanto segue: (clicca per espandere) <br \/>1.1 Contatto &#8211; Tramite telefono, posta, email e\/o moduli web<br \/>1.2 Compilazione ed analisi di statistiche per migliore il sito.<br \/>1.3 Recapiti<br \/>2. Cookie<br \/>Il nostro sito web usa cookie. Per ulteriori informazioni riguardo i cookie, per favore fai riferimento alla nostra Cookie Policy.<\/p>\n\t\t\t\t\t\t<\/div>\n\t\t\t\t<\/div>\n\t\t\t\t<div class=\"elementor-element elementor-element-fb990ed f-18 elementor-widget elementor-widget-text-editor\" data-id=\"fb990ed\" data-element_type=\"widget\" data-widget_type=\"text-editor.default\">\n\t\t\t\t<div class=\"elementor-widget-container\">\n\t\t\t\t\t\t\t<p>Abbiamo concluso un accordo di elaborazione dei dati con Google.<\/p>\n\t\t\t\t\t\t<\/div>\n\t\t\t\t<\/div>\n\t\t\t\t<div class=\"elementor-element elementor-element-b83cdf0 f-18 elementor-widget elementor-widget-text-editor\" data-id=\"b83cdf0\" data-element_type=\"widget\" data-widget_type=\"text-editor.default\">\n\t\t\t\t<div class=\"elementor-widget-container\">\n\t\t\t\t\t\t\t<p>Google non pu\u00f2 utilizzare i dati per altri servizi di Google.<\/p>\n\t\t\t\t\t\t<\/div>\n\t\t\t\t<\/div>\n\t\t\t\t<div class=\"elementor-element elementor-element-bdab726 f-18 elementor-widget elementor-widget-text-editor\" data-id=\"bdab726\" data-element_type=\"widget\" data-widget_type=\"text-editor.default\">\n\t\t\t\t<div class=\"elementor-widget-container\">\n\t\t\t\t\t\t\t<p>L&#8217;inclusione di indirizzi IP interi \u00e8 bloccato da noi.<\/p>\n\t\t\t\t\t\t<\/div>\n\t\t\t\t<\/div>\n\t\t\t\t<div class=\"elementor-element elementor-element-c3f295c f-18 elementor-widget elementor-widget-text-editor\" data-id=\"c3f295c\" data-element_type=\"widget\" data-widget_type=\"text-editor.default\">\n\t\t\t\t<div class=\"elementor-widget-container\">\n\t\t\t\t\t\t\t<p>3. Sicurezza<br \/>Ci impegniamo per la sicurezza dei dati personali. Prendiamo adeguate misure di sicurezza per limitare l&#8217;abuso e l&#8217;accesso non autorizzato ai dati personali. Ci\u00f2 garantisce che solo le persone necessarie abbiano accesso ai tuoi dati, che l&#8217;accesso ai dati sia protetto e che le nostre misure di sicurezza vengano regolarmente riviste.<\/p>\n\t\t\t\t\t\t<\/div>\n\t\t\t\t<\/div>\n\t\t\t\t<div class=\"elementor-element elementor-element-fed5035 f-18 elementor-widget elementor-widget-text-editor\" data-id=\"fed5035\" data-element_type=\"widget\" data-widget_type=\"text-editor.default\">\n\t\t\t\t<div class=\"elementor-widget-container\">\n\t\t\t\t\t\t\t<p>4. Sitios web de tres partes<br \/>Questa dichiarazione sulla privacy non si applica ai siti web di terzi collegati tramite link sul nostro sito web. Non possiamo garantire che queste terze parti gestiscano i vostri dati personali in modo affidabile e sicuro. Vi consigliamo di leggere le dichiarazioni sulla privacy di questi siti web prima di utilizzarli.<\/p>\n\t\t\t\t\t\t<\/div>\n\t\t\t\t<\/div>\n\t\t\t\t<div class=\"elementor-element elementor-element-cfebec0 f-18 elementor-widget elementor-widget-text-editor\" data-id=\"cfebec0\" data-element_type=\"widget\" data-widget_type=\"text-editor.default\">\n\t\t\t\t<div class=\"elementor-widget-container\">\n\t\t\t\t\t\t\t<p>5. Ammende riguardo questa dichiarazione della privacy.<br \/>Ci riserviamo il diritto di apportare modifiche alla presente dichiarazione sulla privacy. Si raccomanda di consultare regolarmente questa dichiarazione sulla privacy per essere a conoscenza di eventuali modifiche. Inoltre, ti informeremo attivamente laddove possibile.<\/p>\n\t\t\t\t\t\t<\/div>\n\t\t\t\t<\/div>\n\t\t\t\t<div class=\"elementor-element elementor-element-1da7338 f-18 elementor-widget elementor-widget-text-editor\" data-id=\"1da7338\" data-element_type=\"widget\" data-widget_type=\"text-editor.default\">\n\t\t\t\t<div class=\"elementor-widget-container\">\n\t\t\t\t\t\t\t<p>6. Accesso e modifica dei tuoi dati<br \/>Se hai domande o vuoi sapere esattamente quali dati personali abbiamo su di te, per favore contattaci.<\/p>\n\t\t\t\t\t\t<\/div>\n\t\t\t\t<\/div>\n\t\t\t\t<div class=\"elementor-element elementor-element-03d1525 f-18 elementor-widget elementor-widget-text-editor\" data-id=\"03d1525\" data-element_type=\"widget\" data-widget_type=\"text-editor.default\">\n\t\t\t\t<div class=\"elementor-widget-container\">\n\t\t\t\t\t\t\t<p>Tienes derecho a saber cu\u00e1ndo son necesarios tus datos personales, qu\u00e9 pasa con ellos y qu\u00e9 se mantiene a largo plazo.<br \/>Derecho de acceso: tienes derecho a acceder a tus datos personales que conocemos.<br \/>Derecho de rectificaci\u00f3n: tienes derecho a completar, corregir, cancelar o bloquear tus datos personales cuando lo desees.<br \/>Se hai domande o problemi relativi al accessibilit\u00e0 del sito web, per favore non esitare a contattarci.<br \/>Derecho a transferir tus datos: tienes derecho a obtener todos tus datos del controlador y a transferirlos a otro controlador.<br \/>Derecho de Obediencia: tiene derecho de Obediencia sobre el proceso de sus datos. Nos gustar\u00eda que esta elecci\u00f3n se llevara a cabo, a menos que no haya bases v\u00e1lidas para el proceso.<br \/>Assicurati di segnalare sempre in modo chiaro chi sei, cos\u00ec da essere certi di non cancellare o modificare i dati di un una persona sbagliata.<\/p>\n\t\t\t\t\t\t<\/div>\n\t\t\t\t<\/div>\n\t\t\t\t<div class=\"elementor-element elementor-element-fd70895 f-18 elementor-widget elementor-widget-text-editor\" data-id=\"fd70895\" data-element_type=\"widget\" data-widget_type=\"text-editor.default\">\n\t\t\t\t<div class=\"elementor-widget-container\">\n\t\t\t\t\t\t\t<p>7. Invio di un reclamo<br \/>Se non sei soddisfatto di come gestiamo (una lamentela su) il processo dei tuoi dati personali, hai il diritto di spedire un reclamo al Garante per la protezione dei dati personali.<\/p>\n\t\t\t\t\t\t<\/div>\n\t\t\t\t<\/div>\n\t\t\t\t<div class=\"elementor-element elementor-element-c74c045 f-18 elementor-widget elementor-widget-text-editor\" data-id=\"c74c045\" data-element_type=\"widget\" data-widget_type=\"text-editor.default\">\n\t\t\t\t<div class=\"elementor-widget-container\">\n\t\t\t\t\t\t\t<p>8. Datos de contacto<br \/>Sartie Volanti<br \/>Via Trento 109 &#8211; 25128 BRESCIA<br \/>Italia<br \/>Sito web: https:\/\/www.sartievolanti.it<br \/>Correo electr\u00f3nico: ti.itnaloveitras@ofni<br \/>N\u00famero de tel\u00e9fono: +39 347 797 8045<\/p>\n\t\t\t\t\t\t<\/div>\n\t\t\t\t<\/div>\n\t\t\t\t<div class=\"elementor-element elementor-element-6e0aa46 f-18 elementor-widget elementor-widget-text-editor\" data-id=\"6e0aa46\" data-element_type=\"widget\" data-widget_type=\"text-editor.default\">\n\t\t\t\t<div class=\"elementor-widget-container\">\n\t\t\t\t\t\t\t<p>Annesso<br \/>WooCommerce<br \/>Este lenguaje campechano incluye los elementos de base de la recogida de datos personales, la memorizaci\u00f3n y la condivisi\u00f3n, as\u00ed como la persona autorizada a acceder a dichos datos. En base a las imposiciones habilitadas y a los plugins a\u00f1adidos utilizados, la informaci\u00f3n espec\u00edfica proporcionada por nuestro negocio puede variar. Te recomendamos que consultes a un abogado cuando decidas qu\u00e9 informaci\u00f3n divulgar sobre tu privacidad.<\/p>\n\t\t\t\t\t\t<\/div>\n\t\t\t\t<\/div>\n\t\t\t\t<div class=\"elementor-element elementor-element-ecc63fb f-18 elementor-widget elementor-widget-text-editor\" data-id=\"ecc63fb\" data-element_type=\"widget\" data-widget_type=\"text-editor.default\">\n\t\t\t\t<div class=\"elementor-widget-container\">\n\t\t\t\t\t\t\t<p>Durante el proceso de pago en nuestra tienda, recogemos informaci\u00f3n sobre usted.<br \/>Cosa raccogliamo e salviamo<br \/>Si visitas nuestra p\u00e1gina web, te encontrar\u00e1s con ella:<br \/>Los productos que ha visualizado: utilizamos esta informaci\u00f3n para, por ejemplo, mostrar los productos que ha visualizado recientemente<br \/>Posici\u00f3n, direcci\u00f3n IP y tipo de navegador: utilizamos estos datos para una estimaci\u00f3n de las imposiciones y la velocidad.<br \/>Solicitud de env\u00edo: te pedimos que la introduzcas para, por ejemplo, estimular el env\u00edo antes de que realices el pedido y para enviarte lo que has comprado.<br \/>Tambi\u00e9n utilizamos las cookies para seguir el contenido del carrito mientras navega por nuestro sitio web.<br \/>Nota: para m\u00e1s detalles sobre la informaci\u00f3n de las cookies, consulte la secci\u00f3n.<\/p>\n\t\t\t\t\t\t<\/div>\n\t\t\t\t<\/div>\n\t\t\t\t<div class=\"elementor-element elementor-element-19492fd f-18 elementor-widget elementor-widget-text-editor\" data-id=\"19492fd\" data-element_type=\"widget\" data-widget_type=\"text-editor.default\">\n\t\t\t\t<div class=\"elementor-widget-container\">\n\t\t\t\t\t\t\t<p>Cuando realices una compra con nosotros, te invitamos a que nos proporciones informaci\u00f3n como el nombre, el n\u00famero de facturaci\u00f3n, el n\u00famero de env\u00edo, el correo electr\u00f3nico, el n\u00famero de tel\u00e9fono, el n\u00famero de tarjeta de cr\u00e9dito\/los datos de pago y la informaci\u00f3n opcional sobre la cuenta, como el nombre de usuario y la contrase\u00f1a. Utilizamos esta informaci\u00f3n para fines tales como:<br \/>Te enviamos informaci\u00f3n sobre la cuenta y el orden<br \/>Respondemos a sus preguntas, incluidas las reclamaciones y los reembolsos<br \/>Elaboraci\u00f3n de los pagos y prevenci\u00f3n de los fraudes<br \/>Configure su cuenta para nuestro negocio<br \/>Respeta todas las obligaciones legales a nuestro cargo, como el c\u00e1lculo de las imposiciones<br \/>Mejore las ofertas de nuestra tienda<br \/>Env\u00edo de mensajes de marketing, si desea recibirlos<br \/>Si creas una cuenta, archivaremos tu nombre, direcci\u00f3n, correo electr\u00f3nico y n\u00famero de tel\u00e9fono: estos datos se utilizar\u00e1n para completar la caja en tus futuros pedidos. En general, conservamos su informaci\u00f3n porque no necesitamos los fines para los que recogemos y utilizamos los datos y porque estamos legalmente obligados a seguir manteni\u00e9ndolos. Por ejemplo, archivamos la informaci\u00f3n de la orden por XXX a\u00f1os por razones fiscales y de contabilidad. Estos datos incluyen el nombre, la direcci\u00f3n de correo electr\u00f3nico y los datos de facturaci\u00f3n y env\u00edo. Tambi\u00e9n archivamos los comentarios y las cr\u00edticas, si quieres que los recibamos.<br \/>Personas de nuestro equipo que tienen acceso<br \/>Los miembros de nuestro equipo tienen acceso a la informaci\u00f3n que les proporcionamos. Por ejemplo, tanto los administradores como los directores de tienda pueden acceder a:<br \/>Informaci\u00f3n sobre el pedido, el producto adquirido, los datos de compra y el lugar de env\u00edo y<br \/>Informaci\u00f3n sobre el cliente, como su nombre, direcci\u00f3n de correo electr\u00f3nico e informaci\u00f3n sobre la facturaci\u00f3n y el env\u00edo.<br \/>Los miembros de nuestro equipo tienen acceso a esta informaci\u00f3n para ayudar a gestionar los pedidos, elaborar los reembolsos y prestar apoyo.<\/p>\n\t\t\t\t\t\t<\/div>\n\t\t\t\t<\/div>\n\t\t\t\t\t<\/div>\n\t\t<\/div>\n\t\t\t\t\t<\/div>\n\t\t<\/section>\n\t\t\t\t<\/div>\n\t\t","protected":false},"excerpt":{"rendered":"<p>This privacy statement was last updated on Marzo 5, 2022 and applies to citizens and legal permanent residents of the European Economic Area and Switzerland. In questa dichiarazione sulla privacy, spieghiamo cosa facciamo con i dati che otteniamo da te attraverso https:\/\/www.sartievolanti.it. Ti consigliamo di leggere attentamente la dichiarazione. Durante l&#8217;elaborazione rispettiamo i requisiti della [&hellip;]<\/p>\n","protected":false},"author":1,"featured_media":0,"parent":0,"menu_order":0,"comment_status":"closed","ping_status":"closed","template":"page-fullwidth.php","meta":{"_acf_changed":false,"footnotes":""},"class_list":["post-3218","page","type-page","status-publish","hentry"],"acf":[],"yoast_head":"<!-- This site is optimized with the Yoast SEO plugin v23.8 - https:\/\/yoast.com\/wordpress\/plugins\/seo\/ -->\n<title>Privacy Policy Dp - frimec.eu<\/title>\n<meta name=\"robots\" content=\"index, follow, max-snippet:-1, max-image-preview:large, max-video-preview:-1\" \/>\n<link rel=\"canonical\" href=\"https:\/\/frimec.eu\/es\/privacy-policy-dp\/\" \/>\n<meta property=\"og:locale\" content=\"es_ES\" \/>\n<meta property=\"og:type\" content=\"article\" \/>\n<meta property=\"og:title\" content=\"Privacy Policy Dp - frimec.eu\" \/>\n<meta property=\"og:description\" content=\"This privacy statement was last updated on Marzo 5, 2022 and applies to citizens and legal permanent residents of the European Economic Area and Switzerland. In questa dichiarazione sulla privacy, spieghiamo cosa facciamo con i dati che otteniamo da te attraverso https:\/\/www.sartievolanti.it. Ti consigliamo di leggere attentamente la dichiarazione. Durante l&#8217;elaborazione rispettiamo i requisiti della [&hellip;]\" \/>\n<meta property=\"og:url\" content=\"https:\/\/frimec.eu\/es\/privacy-policy-dp\/\" \/>\n<meta property=\"og:site_name\" content=\"frimec.eu\" \/>\n<meta property=\"article:modified_time\" content=\"2022-12-01T15:04:23+00:00\" \/>\n<meta name=\"twitter:card\" content=\"summary_large_image\" \/>\n<meta name=\"twitter:label1\" content=\"Est. reading time\" \/>\n\t<meta name=\"twitter:data1\" content=\"6 minutes\" \/>\n<script type=\"application\/ld+json\" class=\"yoast-schema-graph\">{\"@context\":\"https:\/\/schema.org\",\"@graph\":[{\"@type\":\"WebPage\",\"@id\":\"https:\/\/frimec.eu\/es\/privacy-policy-dp\/\",\"url\":\"https:\/\/frimec.eu\/es\/privacy-policy-dp\/\",\"name\":\"Privacy Policy Dp - frimec.eu\",\"isPartOf\":{\"@id\":\"https:\/\/frimec.eu\/es\/#website\"},\"datePublished\":\"2022-11-29T16:05:59+00:00\",\"dateModified\":\"2022-12-01T15:04:23+00:00\",\"breadcrumb\":{\"@id\":\"https:\/\/frimec.eu\/es\/privacy-policy-dp\/#breadcrumb\"},\"inLanguage\":\"es-ES\",\"potentialAction\":[{\"@type\":\"ReadAction\",\"target\":[\"https:\/\/frimec.eu\/es\/privacy-policy-dp\/\"]}]},{\"@type\":\"BreadcrumbList\",\"@id\":\"https:\/\/frimec.eu\/es\/privacy-policy-dp\/#breadcrumb\",\"itemListElement\":[{\"@type\":\"ListItem\",\"position\":1,\"name\":\"Home\",\"item\":\"https:\/\/frimec.eu\/es\/\"},{\"@type\":\"ListItem\",\"position\":2,\"name\":\"Privacy Policy Dp\"}]},{\"@type\":\"WebSite\",\"@id\":\"https:\/\/frimec.eu\/es\/#website\",\"url\":\"https:\/\/frimec.eu\/es\/\",\"name\":\"frimec.eu\",\"description\":\"\",\"potentialAction\":[{\"@type\":\"SearchAction\",\"target\":{\"@type\":\"EntryPoint\",\"urlTemplate\":\"https:\/\/frimec.eu\/es\/?s={search_term_string}\"},\"query-input\":{\"@type\":\"PropertyValueSpecification\",\"valueRequired\":true,\"valueName\":\"search_term_string\"}}],\"inLanguage\":\"es-ES\"}]}<\/script>\n<!-- \/ Yoast SEO plugin. -->","yoast_head_json":{"title":"Privacy Policy Dp - frimec.eu","robots":{"index":"index","follow":"follow","max-snippet":"max-snippet:-1","max-image-preview":"max-image-preview:large","max-video-preview":"max-video-preview:-1"},"canonical":"https:\/\/frimec.eu\/es\/privacy-policy-dp\/","og_locale":"es_ES","og_type":"article","og_title":"Privacy Policy Dp - frimec.eu","og_description":"This privacy statement was last updated on Marzo 5, 2022 and applies to citizens and legal permanent residents of the European Economic Area and Switzerland. In questa dichiarazione sulla privacy, spieghiamo cosa facciamo con i dati che otteniamo da te attraverso https:\/\/www.sartievolanti.it. Ti consigliamo di leggere attentamente la dichiarazione. Durante l&#8217;elaborazione rispettiamo i requisiti della [&hellip;]","og_url":"https:\/\/frimec.eu\/es\/privacy-policy-dp\/","og_site_name":"frimec.eu","article_modified_time":"2022-12-01T15:04:23+00:00","twitter_card":"summary_large_image","twitter_misc":{"Est. reading time":"6 minutes"},"schema":{"@context":"https:\/\/schema.org","@graph":[{"@type":"WebPage","@id":"https:\/\/frimec.eu\/es\/privacy-policy-dp\/","url":"https:\/\/frimec.eu\/es\/privacy-policy-dp\/","name":"Privacy Policy Dp - frimec.eu","isPartOf":{"@id":"https:\/\/frimec.eu\/es\/#website"},"datePublished":"2022-11-29T16:05:59+00:00","dateModified":"2022-12-01T15:04:23+00:00","breadcrumb":{"@id":"https:\/\/frimec.eu\/es\/privacy-policy-dp\/#breadcrumb"},"inLanguage":"es-ES","potentialAction":[{"@type":"ReadAction","target":["https:\/\/frimec.eu\/es\/privacy-policy-dp\/"]}]},{"@type":"BreadcrumbList","@id":"https:\/\/frimec.eu\/es\/privacy-policy-dp\/#breadcrumb","itemListElement":[{"@type":"ListItem","position":1,"name":"Home","item":"https:\/\/frimec.eu\/es\/"},{"@type":"ListItem","position":2,"name":"Privacy Policy Dp"}]},{"@type":"WebSite","@id":"https:\/\/frimec.eu\/es\/#website","url":"https:\/\/frimec.eu\/es\/","name":"frimec.eu","description":"","potentialAction":[{"@type":"SearchAction","target":{"@type":"EntryPoint","urlTemplate":"https:\/\/frimec.eu\/es\/?s={search_term_string}"},"query-input":{"@type":"PropertyValueSpecification","valueRequired":true,"valueName":"search_term_string"}}],"inLanguage":"es-ES"}]}},"_links":{"self":[{"href":"https:\/\/frimec.eu\/es\/wp-json\/wp\/v2\/pages\/3218"}],"collection":[{"href":"https:\/\/frimec.eu\/es\/wp-json\/wp\/v2\/pages"}],"about":[{"href":"https:\/\/frimec.eu\/es\/wp-json\/wp\/v2\/types\/page"}],"author":[{"embeddable":true,"href":"https:\/\/frimec.eu\/es\/wp-json\/wp\/v2\/users\/1"}],"replies":[{"embeddable":true,"href":"https:\/\/frimec.eu\/es\/wp-json\/wp\/v2\/comments?post=3218"}],"version-history":[{"count":1,"href":"https:\/\/frimec.eu\/es\/wp-json\/wp\/v2\/pages\/3218\/revisions"}],"predecessor-version":[{"id":3219,"href":"https:\/\/frimec.eu\/es\/wp-json\/wp\/v2\/pages\/3218\/revisions\/3219"}],"wp:attachment":[{"href":"https:\/\/frimec.eu\/es\/wp-json\/wp\/v2\/media?parent=3218"}],"curies":[{"name":"wp","href":"https:\/\/api.w.org\/{rel}","templated":true}]}}