{"id":4126,"date":"2022-12-02T11:03:21","date_gmt":"2022-12-02T11:03:21","guid":{"rendered":"http:\/\/frimec.eu\/area-reserved\/"},"modified":"2023-02-01T11:23:53","modified_gmt":"2023-02-01T11:23:53","slug":"reserved-area","status":"publish","type":"page","link":"https:\/\/frimec.eu\/es\/reserved-area\/","title":{"rendered":"RESERVED AREA"},"content":{"rendered":"\t\t<div data-elementor-type=\"wp-page\" data-elementor-id=\"4126\" class=\"elementor elementor-4126 elementor-3261\">\n\t\t\t\t\t\t<section class=\"elementor-section elementor-top-section elementor-element elementor-element-5870009 elementor-section-boxed elementor-section-height-default elementor-section-height-default\" data-id=\"5870009\" data-element_type=\"section\">\n\t\t\t\t\t\t<div class=\"elementor-container elementor-column-gap-default\">\n\t\t\t\t\t<div class=\"elementor-column elementor-col-100 elementor-top-column elementor-element elementor-element-3c95b2d\" data-id=\"3c95b2d\" data-element_type=\"column\">\n\t\t\t<div class=\"elementor-widget-wrap elementor-element-populated\">\n\t\t\t\t\t\t<section class=\"elementor-section elementor-inner-section elementor-element elementor-element-024cc5f elementor-section-boxed elementor-section-height-default elementor-section-height-default\" data-id=\"024cc5f\" data-element_type=\"section\">\n\t\t\t\t\t\t<div class=\"elementor-container elementor-column-gap-default\">\n\t\t\t\t\t<div class=\"elementor-column elementor-col-50 elementor-inner-column elementor-element elementor-element-dee7647\" data-id=\"dee7647\" data-element_type=\"column\">\n\t\t\t<div class=\"elementor-widget-wrap elementor-element-populated\">\n\t\t\t\t\t\t<div class=\"elementor-element elementor-element-ee29417 elementor-widget elementor-widget-image\" data-id=\"ee29417\" data-element_type=\"widget\" data-widget_type=\"image.default\">\n\t\t\t\t<div class=\"elementor-widget-container\">\n\t\t\t\t\t\t\t\t\t\t\t\t\t<img fetchpriority=\"high\" decoding=\"async\" width=\"613\" height=\"409\" src=\"https:\/\/frimec.eu\/wp-content\/uploads\/2023\/01\/client-area.jpg\" class=\"attachment-full size-full wp-image-5516\" alt=\"\" srcset=\"https:\/\/frimec.eu\/wp-content\/uploads\/2023\/01\/client-area.jpg 613w, https:\/\/frimec.eu\/wp-content\/uploads\/2023\/01\/client-area-300x200.jpg 300w, https:\/\/frimec.eu\/wp-content\/uploads\/2023\/01\/client-area-600x400.jpg 600w\" sizes=\"(max-width: 613px) 100vw, 613px\" \/>\t\t\t\t\t\t\t\t\t\t\t\t\t<\/div>\n\t\t\t\t<\/div>\n\t\t\t\t\t<\/div>\n\t\t<\/div>\n\t\t\t\t<div class=\"elementor-column elementor-col-50 elementor-inner-column elementor-element elementor-element-282d934\" data-id=\"282d934\" data-element_type=\"column\">\n\t\t\t<div class=\"elementor-widget-wrap elementor-element-populated\">\n\t\t\t\t\t\t<div class=\"elementor-element elementor-element-3261093 elementor-widget elementor-widget-text-editor\" data-id=\"3261093\" data-element_type=\"widget\" data-widget_type=\"text-editor.default\">\n\t\t\t\t<div class=\"elementor-widget-container\">\n\t\t\t\t\t\t\t<p><span style=\"color: #000000;\">Para ver nuestra informaci\u00f3n t\u00e9cnica confidencial, debe registrarse con los detalles completos de su empresa. Frimec srl se comunicar\u00e1 con usted por tel\u00e9fono y verificar\u00e1 \/ confirmar\u00e1 el registro.<br \/><\/span><\/p>\t\t\t\t\t\t<\/div>\n\t\t\t\t<\/div>\n\t\t\t\t<div class=\"elementor-element elementor-element-e168d35 elementor-widget elementor-widget-image\" data-id=\"e168d35\" data-element_type=\"widget\" data-widget_type=\"image.default\">\n\t\t\t\t<div class=\"elementor-widget-container\">\n\t\t\t\t\t\t\t\t\t\t\t\t\t\t<a href=\"tel:0309989711\">\n\t\t\t\t\t\t\t<img decoding=\"async\" width=\"182\" height=\"66\" src=\"https:\/\/frimec.eu\/wp-content\/uploads\/2022\/12\/Group-1.png\" class=\"attachment-medium size-medium wp-image-5665\" alt=\"\" \/>\t\t\t\t\t\t\t\t<\/a>\n\t\t\t\t\t\t\t\t\t\t\t\t\t<\/div>\n\t\t\t\t<\/div>\n\t\t\t\t\t<\/div>\n\t\t<\/div>\n\t\t\t\t\t<\/div>\n\t\t<\/section>\n\t\t\t\t\t<\/div>\n\t\t<\/div>\n\t\t\t\t\t<\/div>\n\t\t<\/section>\n\t\t\t\t<section class=\"elementor-section elementor-top-section elementor-element elementor-element-0db26e8 elementor-section-boxed elementor-section-height-default elementor-section-height-default\" data-id=\"0db26e8\" data-element_type=\"section\">\n\t\t\t\t\t\t<div class=\"elementor-container elementor-column-gap-default\">\n\t\t\t\t\t<div class=\"elementor-column elementor-col-100 elementor-top-column elementor-element elementor-element-c70d1cb\" data-id=\"c70d1cb\" data-element_type=\"column\">\n\t\t\t<div class=\"elementor-widget-wrap\">\n\t\t\t\t\t\t\t<\/div>\n\t\t<\/div>\n\t\t\t\t\t<\/div>\n\t\t<\/section>\n\t\t\t\t<section class=\"elementor-section elementor-top-section elementor-element elementor-element-bfbeb7e elementor-section-boxed elementor-section-height-default elementor-section-height-default\" data-id=\"bfbeb7e\" data-element_type=\"section\">\n\t\t\t\t\t\t<div class=\"elementor-container elementor-column-gap-default\">\n\t\t\t\t\t<div class=\"elementor-column elementor-col-100 elementor-top-column elementor-element elementor-element-e41d4d8\" data-id=\"e41d4d8\" data-element_type=\"column\">\n\t\t\t<div class=\"elementor-widget-wrap elementor-element-populated\">\n\t\t\t\t\t\t<div class=\"elementor-element elementor-element-05a0260 elementor-widget-divider--view-line elementor-widget elementor-widget-divider\" data-id=\"05a0260\" data-element_type=\"widget\" data-widget_type=\"divider.default\">\n\t\t\t\t<div class=\"elementor-widget-container\">\n\t\t\t\t\t<div class=\"elementor-divider\">\n\t\t\t<span class=\"elementor-divider-separator\">\n\t\t\t\t\t\t<\/span>\n\t\t<\/div>\n\t\t\t\t<\/div>\n\t\t\t\t<\/div>\n\t\t\t\t<div class=\"elementor-element elementor-element-59d2a9b stax-condition-yes stax-user_role_enabled-yes area-login-form elementor-widget elementor-widget-shortcode\" data-id=\"59d2a9b\" data-element_type=\"widget\" data-widget_type=\"shortcode.default\">\n\t\t\t\t<div class=\"elementor-widget-container\">\n\t\t\t\t\t<div class=\"elementor-shortcode\"><div class=\"woocommerce-notices-wrapper\"><\/div>      <div class=\"u-columns col2-set\" id=\"customer_login\">\n         <form class=\"woocommerce-form woocommerce-form-login login\" method=\"post\">\n\n            \n            <div class=\"woocommerce-form-row woocommerce-form-row--wide form-row-wide form-login-field\">\n               <span>\n                  <label for=\"username\">Username or email address&nbsp;<span class=\"required\">*<\/span><\/label>\n                  <input type=\"text\" class=\"woocommerce-Input woocommerce-Input--text input-text\" name=\"username\" id=\"username\" autocomplete=\"username\" value=\"\" \/>               <\/span>\n               <span>\n                  <label for=\"password\">Password&nbsp;<span class=\"required\">*<\/span><\/label>\n                  <input class=\"woocommerce-Input woocommerce-Input--text input-text\" type=\"password\" name=\"password\" id=\"password\" autocomplete=\"current-password\" \/>\n                  <span class=\"show-password-input\"><\/span>\n               <\/span>\n               <button type=\"submit\" class=\"woocommerce-button button woocommerce-form-login__submit\" name=\"login\" value=\"Log in\">Log in<\/button>\n            <\/div>\n\n            \t\t<input\n\t\t\t\ttype=\"hidden\"\n\t\t\t\tclass=\"hcaptcha-widget-id\"\n\t\t\t\tname=\"hcaptcha-widget-id\"\n\t\t\t\tvalue=\"eyJzb3VyY2UiOlsid29vY29tbWVyY2VcL3dvb2NvbW1lcmNlLnBocCJdLCJmb3JtX2lkIjoibG9naW4ifQ==-182d6b6541e8fc6b736ade4abd6c3b52\">\n\t\t\t\t<h-captcha\n\t\t\tclass=\"h-captcha\"\n\t\t\tdata-sitekey=\"f7366f44-8b16-4cfa-b530-e3de4a32b2da\"\n\t\t\tdata-theme=\"light\"\n\t\t\tdata-size=\"normal\"\n\t\t\tdata-auto=\"false\"\n\t\t\tdata-ajax=\"false\"\n\t\t\tdata-force=\"true\">\n\t\t<\/h-captcha>\n\t\t<input type=\"hidden\" id=\"hcaptcha_login_nonce\" name=\"hcaptcha_login_nonce\" value=\"e213588416\" \/><input type=\"hidden\" name=\"_wp_http_referer\" value=\"\/es\/wp-json\/wp\/v2\/pages\/4126\" \/>\t\t<label for=\"hcap_hp_wcE9zMbb3i2Z\"><\/label>\n\t\t<input\n\t\t\t\ttype=\"text\" id=\"hcap_hp_wcE9zMbb3i2Z\" name=\"hcap_hp_wcE9zMbb3i2Z\" value=\"\"\n\t\t\t\treadonly inputmode=\"none\" autocomplete=\"new-password\" tabindex=\"-1\" aria-hidden=\"true\"\n\t\t\t\tstyle=\"position:absolute; left:-9999px; top:auto; height:0; width:0; opacity:0;\"\/>\n\t\t<input type=\"hidden\" name=\"hcap_hp_sig\" value=\"24a036a6d6\"\/>\n\t\t\n            <!-- <p class=\"form-row\">\n               <label class=\"woocommerce-form__label woocommerce-form__label-for-checkbox woocommerce-form-login__rememberme\">\n                  <input class=\"woocommerce-form__input woocommerce-form__input-checkbox\" name=\"rememberme\" type=\"checkbox\" id=\"rememberme\" value=\"forever\" \/> <span><\/span>\n               <\/label>\n            <\/p> -->\n             <input type=\"hidden\" id=\"woocommerce-login-nonce\" name=\"woocommerce-login-nonce\" value=\"bd9901ac3b\" \/><input type=\"hidden\" name=\"_wp_http_referer\" value=\"\/es\/wp-json\/wp\/v2\/pages\/4126\" \/>            <p class=\"woocommerce-LostPassword lost_password\">\n               <a href=\"https:\/\/frimec.eu\/es\/mi-cuenta\/lost-password\/\">Lost your password?<\/a>\n            <\/p>\n            <p class=\"woocommerce-LostPassword lost_password woocommerce-Registration registration-request\">\n               <a href=\"https:\/\/frimec.eu\/area-registrazione\">SOLICITUD DE REGISTRO<\/a>\n            <\/p>\n\n            \n\n         <\/form>\n      <\/div>\n         \n   <\/div>\n\t\t\t\t<\/div>\n\t\t\t\t<\/div>\n\t\t\t\t<div class=\"elementor-element elementor-element-6fb391e elementor-widget-divider--view-line elementor-widget elementor-widget-divider\" data-id=\"6fb391e\" data-element_type=\"widget\" data-widget_type=\"divider.default\">\n\t\t\t\t<div class=\"elementor-widget-container\">\n\t\t\t\t\t<div class=\"elementor-divider\">\n\t\t\t<span class=\"elementor-divider-separator\">\n\t\t\t\t\t\t<\/span>\n\t\t<\/div>\n\t\t\t\t<\/div>\n\t\t\t\t<\/div>\n\t\t\t\t<div class=\"elementor-element elementor-element-9b94f58 elementor-widget elementor-widget-heading\" data-id=\"9b94f58\" data-element_type=\"widget\" data-widget_type=\"heading.default\">\n\t\t\t\t<div class=\"elementor-widget-container\">\n\t\t\t<h2 class=\"elementor-heading-title elementor-size-default\">\u00bfCOMO FUNCIONA?<\/h2>\t\t<\/div>\n\t\t\t\t<\/div>\n\t\t\t\t<div class=\"elementor-element elementor-element-39a72c8 elementor-widget elementor-widget-video\" data-id=\"39a72c8\" data-element_type=\"widget\" data-settings=\"{&quot;youtube_url&quot;:&quot;https:\\\/\\\/www.youtube.com\\\/watch?v=bBEyYU3wBW0&quot;,&quot;lazy_load&quot;:&quot;yes&quot;,&quot;video_type&quot;:&quot;youtube&quot;,&quot;controls&quot;:&quot;yes&quot;}\" data-widget_type=\"video.default\">\n\t\t\t\t<div class=\"elementor-widget-container\">\n\t\t\t\t\t<div class=\"elementor-wrapper elementor-open-inline\">\n\t\t\t<div class=\"elementor-video\"><\/div>\t\t<\/div>\n\t\t\t\t<\/div>\n\t\t\t\t<\/div>\n\t\t\t\t\t<\/div>\n\t\t<\/div>\n\t\t\t\t\t<\/div>\n\t\t<\/section>\n\t\t\t\t<\/div>\n\t\t","protected":false},"excerpt":{"rendered":"<p>Para ver nuestra informaci\u00f3n t\u00e9cnica confidencial, debe registrarse con los detalles completos de su empresa. Frimec srl se comunicar\u00e1 con usted por tel\u00e9fono y verificar\u00e1 \/ confirmar\u00e1 el registro. \u00bfCOMO FUNCIONA?<\/p>\n","protected":false},"author":1,"featured_media":0,"parent":0,"menu_order":0,"comment_status":"closed","ping_status":"closed","template":"","meta":{"_acf_changed":false,"footnotes":""},"class_list":["post-4126","page","type-page","status-publish","hentry"],"acf":[],"yoast_head":"<!-- This site is optimized with the Yoast SEO plugin v23.8 - https:\/\/yoast.com\/wordpress\/plugins\/seo\/ -->\n<title>RESERVED AREA - frimec.eu<\/title>\n<meta name=\"robots\" content=\"index, follow, max-snippet:-1, max-image-preview:large, max-video-preview:-1\" \/>\n<link rel=\"canonical\" href=\"https:\/\/frimec.eu\/es\/reserved-area\/\" \/>\n<meta property=\"og:locale\" content=\"es_ES\" \/>\n<meta property=\"og:type\" content=\"article\" \/>\n<meta property=\"og:title\" content=\"RESERVED AREA - frimec.eu\" \/>\n<meta property=\"og:description\" content=\"Para ver nuestra informaci\u00f3n t\u00e9cnica confidencial, debe registrarse con los detalles completos de su empresa. Frimec srl se comunicar\u00e1 con usted por tel\u00e9fono y verificar\u00e1 \/ confirmar\u00e1 el registro. \u00bfCOMO FUNCIONA?\" \/>\n<meta property=\"og:url\" content=\"https:\/\/frimec.eu\/es\/reserved-area\/\" \/>\n<meta property=\"og:site_name\" content=\"frimec.eu\" \/>\n<meta property=\"article:modified_time\" content=\"2023-02-01T11:23:53+00:00\" \/>\n<meta property=\"og:image\" content=\"https:\/\/frimec.eu\/wp-content\/uploads\/2023\/01\/client-area.jpg\" \/>\n<meta name=\"twitter:card\" content=\"summary_large_image\" \/>\n<meta name=\"twitter:label1\" content=\"Est. reading time\" \/>\n\t<meta name=\"twitter:data1\" content=\"1 minute\" \/>\n<script type=\"application\/ld+json\" class=\"yoast-schema-graph\">{\"@context\":\"https:\/\/schema.org\",\"@graph\":[{\"@type\":\"WebPage\",\"@id\":\"https:\/\/frimec.eu\/es\/reserved-area\/\",\"url\":\"https:\/\/frimec.eu\/es\/reserved-area\/\",\"name\":\"RESERVED AREA - frimec.eu\",\"isPartOf\":{\"@id\":\"https:\/\/frimec.eu\/es\/#website\"},\"primaryImageOfPage\":{\"@id\":\"https:\/\/frimec.eu\/es\/reserved-area\/#primaryimage\"},\"image\":{\"@id\":\"https:\/\/frimec.eu\/es\/reserved-area\/#primaryimage\"},\"thumbnailUrl\":\"https:\/\/frimec.eu\/wp-content\/uploads\/2023\/01\/client-area.jpg\",\"datePublished\":\"2022-12-02T11:03:21+00:00\",\"dateModified\":\"2023-02-01T11:23:53+00:00\",\"breadcrumb\":{\"@id\":\"https:\/\/frimec.eu\/es\/reserved-area\/#breadcrumb\"},\"inLanguage\":\"es-ES\",\"potentialAction\":[{\"@type\":\"ReadAction\",\"target\":[\"https:\/\/frimec.eu\/es\/reserved-area\/\"]}]},{\"@type\":\"ImageObject\",\"inLanguage\":\"es-ES\",\"@id\":\"https:\/\/frimec.eu\/es\/reserved-area\/#primaryimage\",\"url\":\"https:\/\/frimec.eu\/wp-content\/uploads\/2023\/01\/client-area.jpg\",\"contentUrl\":\"https:\/\/frimec.eu\/wp-content\/uploads\/2023\/01\/client-area.jpg\"},{\"@type\":\"BreadcrumbList\",\"@id\":\"https:\/\/frimec.eu\/es\/reserved-area\/#breadcrumb\",\"itemListElement\":[{\"@type\":\"ListItem\",\"position\":1,\"name\":\"Home\",\"item\":\"https:\/\/frimec.eu\/es\/\"},{\"@type\":\"ListItem\",\"position\":2,\"name\":\"RESERVED AREA\"}]},{\"@type\":\"WebSite\",\"@id\":\"https:\/\/frimec.eu\/es\/#website\",\"url\":\"https:\/\/frimec.eu\/es\/\",\"name\":\"frimec.eu\",\"description\":\"\",\"potentialAction\":[{\"@type\":\"SearchAction\",\"target\":{\"@type\":\"EntryPoint\",\"urlTemplate\":\"https:\/\/frimec.eu\/es\/?s={search_term_string}\"},\"query-input\":{\"@type\":\"PropertyValueSpecification\",\"valueRequired\":true,\"valueName\":\"search_term_string\"}}],\"inLanguage\":\"es-ES\"}]}<\/script>\n<!-- \/ Yoast SEO plugin. -->","yoast_head_json":{"title":"RESERVED AREA - frimec.eu","robots":{"index":"index","follow":"follow","max-snippet":"max-snippet:-1","max-image-preview":"max-image-preview:large","max-video-preview":"max-video-preview:-1"},"canonical":"https:\/\/frimec.eu\/es\/reserved-area\/","og_locale":"es_ES","og_type":"article","og_title":"RESERVED AREA - frimec.eu","og_description":"Para ver nuestra informaci\u00f3n t\u00e9cnica confidencial, debe registrarse con los detalles completos de su empresa. Frimec srl se comunicar\u00e1 con usted por tel\u00e9fono y verificar\u00e1 \/ confirmar\u00e1 el registro. \u00bfCOMO FUNCIONA?","og_url":"https:\/\/frimec.eu\/es\/reserved-area\/","og_site_name":"frimec.eu","article_modified_time":"2023-02-01T11:23:53+00:00","og_image":[{"url":"https:\/\/frimec.eu\/wp-content\/uploads\/2023\/01\/client-area.jpg"}],"twitter_card":"summary_large_image","twitter_misc":{"Est. reading time":"1 minute"},"schema":{"@context":"https:\/\/schema.org","@graph":[{"@type":"WebPage","@id":"https:\/\/frimec.eu\/es\/reserved-area\/","url":"https:\/\/frimec.eu\/es\/reserved-area\/","name":"RESERVED AREA - frimec.eu","isPartOf":{"@id":"https:\/\/frimec.eu\/es\/#website"},"primaryImageOfPage":{"@id":"https:\/\/frimec.eu\/es\/reserved-area\/#primaryimage"},"image":{"@id":"https:\/\/frimec.eu\/es\/reserved-area\/#primaryimage"},"thumbnailUrl":"https:\/\/frimec.eu\/wp-content\/uploads\/2023\/01\/client-area.jpg","datePublished":"2022-12-02T11:03:21+00:00","dateModified":"2023-02-01T11:23:53+00:00","breadcrumb":{"@id":"https:\/\/frimec.eu\/es\/reserved-area\/#breadcrumb"},"inLanguage":"es-ES","potentialAction":[{"@type":"ReadAction","target":["https:\/\/frimec.eu\/es\/reserved-area\/"]}]},{"@type":"ImageObject","inLanguage":"es-ES","@id":"https:\/\/frimec.eu\/es\/reserved-area\/#primaryimage","url":"https:\/\/frimec.eu\/wp-content\/uploads\/2023\/01\/client-area.jpg","contentUrl":"https:\/\/frimec.eu\/wp-content\/uploads\/2023\/01\/client-area.jpg"},{"@type":"BreadcrumbList","@id":"https:\/\/frimec.eu\/es\/reserved-area\/#breadcrumb","itemListElement":[{"@type":"ListItem","position":1,"name":"Home","item":"https:\/\/frimec.eu\/es\/"},{"@type":"ListItem","position":2,"name":"RESERVED AREA"}]},{"@type":"WebSite","@id":"https:\/\/frimec.eu\/es\/#website","url":"https:\/\/frimec.eu\/es\/","name":"frimec.eu","description":"","potentialAction":[{"@type":"SearchAction","target":{"@type":"EntryPoint","urlTemplate":"https:\/\/frimec.eu\/es\/?s={search_term_string}"},"query-input":{"@type":"PropertyValueSpecification","valueRequired":true,"valueName":"search_term_string"}}],"inLanguage":"es-ES"}]}},"_links":{"self":[{"href":"https:\/\/frimec.eu\/es\/wp-json\/wp\/v2\/pages\/4126"}],"collection":[{"href":"https:\/\/frimec.eu\/es\/wp-json\/wp\/v2\/pages"}],"about":[{"href":"https:\/\/frimec.eu\/es\/wp-json\/wp\/v2\/types\/page"}],"author":[{"embeddable":true,"href":"https:\/\/frimec.eu\/es\/wp-json\/wp\/v2\/users\/1"}],"replies":[{"embeddable":true,"href":"https:\/\/frimec.eu\/es\/wp-json\/wp\/v2\/comments?post=4126"}],"version-history":[{"count":29,"href":"https:\/\/frimec.eu\/es\/wp-json\/wp\/v2\/pages\/4126\/revisions"}],"predecessor-version":[{"id":5924,"href":"https:\/\/frimec.eu\/es\/wp-json\/wp\/v2\/pages\/4126\/revisions\/5924"}],"wp:attachment":[{"href":"https:\/\/frimec.eu\/es\/wp-json\/wp\/v2\/media?parent=4126"}],"curies":[{"name":"wp","href":"https:\/\/api.w.org\/{rel}","templated":true}]}}