{"id":5803,"date":"2022-11-28T15:37:47","date_gmt":"2022-11-28T15:37:47","guid":{"rendered":"http:\/\/frimec.eu\/valores\/"},"modified":"2023-02-13T14:07:01","modified_gmt":"2023-02-13T14:07:01","slug":"valores","status":"publish","type":"page","link":"https:\/\/frimec.eu\/es\/valores\/","title":{"rendered":"Valores"},"content":{"rendered":"\t\t<div data-elementor-type=\"wp-page\" data-elementor-id=\"5803\" class=\"elementor elementor-5803 elementor-3148\">\n\t\t\t\t\t\t<section class=\"elementor-section elementor-top-section elementor-element elementor-element-7a24340 elementor-section-full_width elementor-section-height-default elementor-section-height-default\" data-id=\"7a24340\" data-element_type=\"section\">\n\t\t\t\t\t\t<div class=\"elementor-container elementor-column-gap-no\">\n\t\t\t\t\t<div class=\"elementor-column elementor-col-100 elementor-top-column elementor-element elementor-element-ec528ee\" data-id=\"ec528ee\" data-element_type=\"column\">\n\t\t\t<div class=\"elementor-widget-wrap elementor-element-populated\">\n\t\t\t\t\t\t<section class=\"elementor-section elementor-inner-section elementor-element elementor-element-9cbc90d elementor-section-boxed elementor-section-height-default elementor-section-height-default\" data-id=\"9cbc90d\" data-element_type=\"section\">\n\t\t\t\t\t\t<div class=\"elementor-container elementor-column-gap-default\">\n\t\t\t\t\t<div class=\"elementor-column elementor-col-50 elementor-inner-column elementor-element elementor-element-1fdd7ee\" data-id=\"1fdd7ee\" data-element_type=\"column\">\n\t\t\t<div class=\"elementor-widget-wrap elementor-element-populated\">\n\t\t\t\t\t\t<div class=\"elementor-element elementor-element-8c02581 elementor-widget elementor-widget-heading\" data-id=\"8c02581\" data-element_type=\"widget\" data-widget_type=\"heading.default\">\n\t\t\t\t<div class=\"elementor-widget-container\">\n\t\t\t<h2 class=\"elementor-heading-title elementor-size-default\">01.<\/h2>\t\t<\/div>\n\t\t\t\t<\/div>\n\t\t\t\t<div class=\"elementor-element elementor-element-2fef9ef elementor-widget elementor-widget-heading\" data-id=\"2fef9ef\" data-element_type=\"widget\" data-widget_type=\"heading.default\">\n\t\t\t\t<div class=\"elementor-widget-container\">\n\t\t\t<h2 class=\"elementor-heading-title elementor-size-default\">HISTORIA<\/h2>\t\t<\/div>\n\t\t\t\t<\/div>\n\t\t\t\t\t<\/div>\n\t\t<\/div>\n\t\t\t\t<div class=\"elementor-column elementor-col-50 elementor-inner-column elementor-element elementor-element-96ca27e\" data-id=\"96ca27e\" data-element_type=\"column\">\n\t\t\t<div class=\"elementor-widget-wrap elementor-element-populated\">\n\t\t\t\t\t\t<div class=\"elementor-element elementor-element-c456f82 elementor-widget elementor-widget-text-editor\" data-id=\"c456f82\" data-element_type=\"widget\" data-widget_type=\"text-editor.default\">\n\t\t\t\t<div class=\"elementor-widget-container\">\n\t\t\t\t\t\t\t<p>Frimec &#8211; Frigomeccanica fue fundada en 1967; En 1991 Frimec &#8211; Frigomeccanica comenz\u00f3 sus actividades de exportaci\u00f3n; Desde 1992 la empresa se ha especializado en la producci\u00f3n de sistemas especiales de refrigeraci\u00f3n; En 2009 se complet\u00f3 la nueva sede en Nuvolento (Brescia) &#8230;<\/p>\n\t\t\t\t\t\t<\/div>\n\t\t\t\t<\/div>\n\t\t\t\t\t<\/div>\n\t\t<\/div>\n\t\t\t\t\t<\/div>\n\t\t<\/section>\n\t\t\t\t<section class=\"elementor-section elementor-inner-section elementor-element elementor-element-59c71f6 elementor-section-boxed elementor-section-height-default elementor-section-height-default\" data-id=\"59c71f6\" data-element_type=\"section\">\n\t\t\t\t\t\t<div class=\"elementor-container elementor-column-gap-default\">\n\t\t\t\t\t<div class=\"elementor-column elementor-col-100 elementor-inner-column elementor-element elementor-element-b7afce1\" data-id=\"b7afce1\" data-element_type=\"column\">\n\t\t\t<div class=\"elementor-widget-wrap elementor-element-populated\">\n\t\t\t\t\t\t<div class=\"elementor-element elementor-element-2e7aeec elementor-widget-divider--view-line elementor-widget elementor-widget-divider\" data-id=\"2e7aeec\" data-element_type=\"widget\" data-widget_type=\"divider.default\">\n\t\t\t\t<div class=\"elementor-widget-container\">\n\t\t\t\t\t<div class=\"elementor-divider\">\n\t\t\t<span class=\"elementor-divider-separator\">\n\t\t\t\t\t\t<\/span>\n\t\t<\/div>\n\t\t\t\t<\/div>\n\t\t\t\t<\/div>\n\t\t\t\t\t<\/div>\n\t\t<\/div>\n\t\t\t\t\t<\/div>\n\t\t<\/section>\n\t\t\t\t\t<\/div>\n\t\t<\/div>\n\t\t\t\t\t<\/div>\n\t\t<\/section>\n\t\t\t\t<section class=\"elementor-section elementor-top-section elementor-element elementor-element-57d09ef elementor-section-full_width elementor-section-height-default elementor-section-height-default\" data-id=\"57d09ef\" data-element_type=\"section\">\n\t\t\t\t\t\t<div class=\"elementor-container elementor-column-gap-default\">\n\t\t\t\t\t<div class=\"elementor-column elementor-col-100 elementor-top-column elementor-element elementor-element-f111ba1\" data-id=\"f111ba1\" data-element_type=\"column\">\n\t\t\t<div class=\"elementor-widget-wrap elementor-element-populated\">\n\t\t\t\t\t\t<section class=\"elementor-section elementor-inner-section elementor-element elementor-element-1290596 elementor-reverse-mobile elementor-section-boxed elementor-section-height-default elementor-section-height-default\" data-id=\"1290596\" data-element_type=\"section\">\n\t\t\t\t\t\t<div class=\"elementor-container elementor-column-gap-default\">\n\t\t\t\t\t<div class=\"elementor-column elementor-col-50 elementor-inner-column elementor-element elementor-element-c746904\" data-id=\"c746904\" data-element_type=\"column\">\n\t\t\t<div class=\"elementor-widget-wrap elementor-element-populated\">\n\t\t\t\t\t\t<div class=\"elementor-element elementor-element-e7ca1ab elementor-widget elementor-widget-text-editor\" data-id=\"e7ca1ab\" data-element_type=\"widget\" data-widget_type=\"text-editor.default\">\n\t\t\t\t<div class=\"elementor-widget-container\">\n\t\t\t\t\t\t\t<p>La expresi\u00f3n Made in Italy, orgullo de los fabricantes italianos, representa la calidad, creatividad e inventiva caracter\u00edsticas de Italia y sus industrias. De hecho, los productos italianos se reconocen muy a menudo como de alta calidad, cuidados al detalle, creativos en el dise\u00f1o y la forma.<\/p>\n\t\t\t\t\t\t<\/div>\n\t\t\t\t<\/div>\n\t\t\t\t<div class=\"elementor-element elementor-element-f2465ee elementor-widget elementor-widget-text-editor\" data-id=\"f2465ee\" data-element_type=\"widget\" data-widget_type=\"text-editor.default\">\n\t\t\t\t<div class=\"elementor-widget-container\">\n\t\t\t\t\t\t\t<p>Hoy en d\u00eda, las marcas italianas son muy apreciadas en el mercado internacional por su dise\u00f1o innovador y la calidad de sus materiales; Frimec forma parte de esta familia desde hace m\u00e1s de 55 a\u00f1os.<\/p>\n<p>Made in Italy es 100% orgullo italiano.<\/p>\n\t\t\t\t\t\t<\/div>\n\t\t\t\t<\/div>\n\t\t\t\t\t<\/div>\n\t\t<\/div>\n\t\t\t\t<div class=\"elementor-column elementor-col-50 elementor-inner-column elementor-element elementor-element-e53b305\" data-id=\"e53b305\" data-element_type=\"column\">\n\t\t\t<div class=\"elementor-widget-wrap elementor-element-populated\">\n\t\t\t\t\t\t<div class=\"elementor-element elementor-element-3ccf5b7 elementor-widget elementor-widget-heading\" data-id=\"3ccf5b7\" data-element_type=\"widget\" data-widget_type=\"heading.default\">\n\t\t\t\t<div class=\"elementor-widget-container\">\n\t\t\t<h2 class=\"elementor-heading-title elementor-size-default\">02.<\/h2>\t\t<\/div>\n\t\t\t\t<\/div>\n\t\t\t\t<div class=\"elementor-element elementor-element-4f29732 elementor-widget elementor-widget-heading\" data-id=\"4f29732\" data-element_type=\"widget\" data-widget_type=\"heading.default\">\n\t\t\t\t<div class=\"elementor-widget-container\">\n\t\t\t<h2 class=\"elementor-heading-title elementor-size-default\">VALORES<\/h2>\t\t<\/div>\n\t\t\t\t<\/div>\n\t\t\t\t\t<\/div>\n\t\t<\/div>\n\t\t\t\t\t<\/div>\n\t\t<\/section>\n\t\t\t\t<section class=\"elementor-section elementor-inner-section elementor-element elementor-element-397c921 elementor-section-boxed elementor-section-height-default elementor-section-height-default\" data-id=\"397c921\" data-element_type=\"section\">\n\t\t\t\t\t\t<div class=\"elementor-container elementor-column-gap-default\">\n\t\t\t\t\t<div class=\"elementor-column elementor-col-100 elementor-inner-column elementor-element elementor-element-954326e\" data-id=\"954326e\" data-element_type=\"column\">\n\t\t\t<div class=\"elementor-widget-wrap elementor-element-populated\">\n\t\t\t\t\t\t<div class=\"elementor-element elementor-element-5b1b326 elementor-widget-divider--view-line elementor-widget elementor-widget-divider\" data-id=\"5b1b326\" data-element_type=\"widget\" data-widget_type=\"divider.default\">\n\t\t\t\t<div class=\"elementor-widget-container\">\n\t\t\t\t\t<div class=\"elementor-divider\">\n\t\t\t<span class=\"elementor-divider-separator\">\n\t\t\t\t\t\t<\/span>\n\t\t<\/div>\n\t\t\t\t<\/div>\n\t\t\t\t<\/div>\n\t\t\t\t\t<\/div>\n\t\t<\/div>\n\t\t\t\t\t<\/div>\n\t\t<\/section>\n\t\t\t\t\t<\/div>\n\t\t<\/div>\n\t\t\t\t\t<\/div>\n\t\t<\/section>\n\t\t\t\t<section class=\"elementor-section elementor-top-section elementor-element elementor-element-1e6f942 elementor-section-full_width elementor-section-height-default elementor-section-height-default\" data-id=\"1e6f942\" data-element_type=\"section\">\n\t\t\t\t\t\t<div class=\"elementor-container elementor-column-gap-default\">\n\t\t\t\t\t<div class=\"elementor-column elementor-col-100 elementor-top-column elementor-element elementor-element-220cc66\" data-id=\"220cc66\" data-element_type=\"column\">\n\t\t\t<div class=\"elementor-widget-wrap elementor-element-populated\">\n\t\t\t\t\t\t<section class=\"elementor-section elementor-inner-section elementor-element elementor-element-8191277 elementor-section-boxed elementor-section-height-default elementor-section-height-default\" data-id=\"8191277\" data-element_type=\"section\">\n\t\t\t\t\t\t<div class=\"elementor-container elementor-column-gap-default\">\n\t\t\t\t\t<div class=\"elementor-column elementor-col-50 elementor-inner-column elementor-element elementor-element-9c0cfe7\" data-id=\"9c0cfe7\" data-element_type=\"column\">\n\t\t\t<div class=\"elementor-widget-wrap elementor-element-populated\">\n\t\t\t\t\t\t<div class=\"elementor-element elementor-element-6993d6e elementor-widget elementor-widget-heading\" data-id=\"6993d6e\" data-element_type=\"widget\" data-widget_type=\"heading.default\">\n\t\t\t\t<div class=\"elementor-widget-container\">\n\t\t\t<h2 class=\"elementor-heading-title elementor-size-default\">03.<\/h2>\t\t<\/div>\n\t\t\t\t<\/div>\n\t\t\t\t<div class=\"elementor-element elementor-element-20a077a elementor-widget elementor-widget-heading\" data-id=\"20a077a\" data-element_type=\"widget\" data-widget_type=\"heading.default\">\n\t\t\t\t<div class=\"elementor-widget-container\">\n\t\t\t<h2 class=\"elementor-heading-title elementor-size-default\">MEDIO AMBIENTE<\/h2>\t\t<\/div>\n\t\t\t\t<\/div>\n\t\t\t\t\t<\/div>\n\t\t<\/div>\n\t\t\t\t<div class=\"elementor-column elementor-col-50 elementor-inner-column elementor-element elementor-element-dd985b2\" data-id=\"dd985b2\" data-element_type=\"column\">\n\t\t\t<div class=\"elementor-widget-wrap elementor-element-populated\">\n\t\t\t\t\t\t<div class=\"elementor-element elementor-element-de69e84 elementor-widget elementor-widget-text-editor\" data-id=\"de69e84\" data-element_type=\"widget\" data-widget_type=\"text-editor.default\">\n\t\t\t\t<div class=\"elementor-widget-container\">\n\t\t\t\t\t\t\t<p>Frimec cambia la forma de pensar sobre las enfriadoras industriales para salvar el clima. Produce aparatos con un impacto clim\u00e1tico dr\u00e1sticamente reducido, abandonando los gases refrigerantes nocivos.<\/p><\/p>\n\t\t\t\t\t\t<\/div>\n\t\t\t\t<\/div>\n\t\t\t\t\t<\/div>\n\t\t<\/div>\n\t\t\t\t\t<\/div>\n\t\t<\/section>\n\t\t\t\t<section class=\"elementor-section elementor-inner-section elementor-element elementor-element-bd57d18 elementor-section-boxed elementor-section-height-default elementor-section-height-default\" data-id=\"bd57d18\" data-element_type=\"section\">\n\t\t\t\t\t\t<div class=\"elementor-container elementor-column-gap-default\">\n\t\t\t\t\t<div class=\"elementor-column elementor-col-100 elementor-inner-column elementor-element elementor-element-e72ea8b\" data-id=\"e72ea8b\" data-element_type=\"column\">\n\t\t\t<div class=\"elementor-widget-wrap elementor-element-populated\">\n\t\t\t\t\t\t<div class=\"elementor-element elementor-element-c64d7d3 elementor-widget-divider--view-line elementor-widget elementor-widget-divider\" data-id=\"c64d7d3\" data-element_type=\"widget\" data-widget_type=\"divider.default\">\n\t\t\t\t<div class=\"elementor-widget-container\">\n\t\t\t\t\t<div class=\"elementor-divider\">\n\t\t\t<span class=\"elementor-divider-separator\">\n\t\t\t\t\t\t<\/span>\n\t\t<\/div>\n\t\t\t\t<\/div>\n\t\t\t\t<\/div>\n\t\t\t\t\t<\/div>\n\t\t<\/div>\n\t\t\t\t\t<\/div>\n\t\t<\/section>\n\t\t\t\t\t<\/div>\n\t\t<\/div>\n\t\t\t\t\t<\/div>\n\t\t<\/section>\n\t\t\t\t<section class=\"elementor-section elementor-top-section elementor-element elementor-element-37070dc elementor-section-full_width elementor-section-height-default elementor-section-height-default\" data-id=\"37070dc\" data-element_type=\"section\">\n\t\t\t\t\t\t<div class=\"elementor-container elementor-column-gap-default\">\n\t\t\t\t\t<div class=\"elementor-column elementor-col-100 elementor-top-column elementor-element elementor-element-d348d4d\" data-id=\"d348d4d\" data-element_type=\"column\">\n\t\t\t<div class=\"elementor-widget-wrap elementor-element-populated\">\n\t\t\t\t\t\t<section class=\"elementor-section elementor-inner-section elementor-element elementor-element-391053b elementor-reverse-mobile elementor-section-boxed elementor-section-height-default elementor-section-height-default\" data-id=\"391053b\" data-element_type=\"section\">\n\t\t\t\t\t\t<div class=\"elementor-container elementor-column-gap-default\">\n\t\t\t\t\t<div class=\"elementor-column elementor-col-50 elementor-inner-column elementor-element elementor-element-baca02a\" data-id=\"baca02a\" data-element_type=\"column\">\n\t\t\t<div class=\"elementor-widget-wrap elementor-element-populated\">\n\t\t\t\t\t\t<div class=\"elementor-element elementor-element-eeb9eed elementor-widget elementor-widget-text-editor\" data-id=\"eeb9eed\" data-element_type=\"widget\" data-widget_type=\"text-editor.default\">\n\t\t\t\t<div class=\"elementor-widget-container\">\n\t\t\t\t\t\t\t<p>Las m\u00e1quinas de refrigeraci\u00f3n y termorregulaci\u00f3n Industria 4.0 de Frimec est\u00e1n preparadas para la automatizaci\u00f3n de su negocio. Con nuestras unidades, la Industria 4.0 se hace realidad. P\u00f3ngase en contacto con nosotros en el <a href=\"tel:+390309989711\">030 998 9711<\/a> para una consulta.<\/p>\n<p>Trazabilidad, seguimiento e integraci\u00f3n.<\/p><\/p>\n\t\t\t\t\t\t<\/div>\n\t\t\t\t<\/div>\n\t\t\t\t\t<\/div>\n\t\t<\/div>\n\t\t\t\t<div class=\"elementor-column elementor-col-50 elementor-inner-column elementor-element elementor-element-b5baeb3\" data-id=\"b5baeb3\" data-element_type=\"column\">\n\t\t\t<div class=\"elementor-widget-wrap elementor-element-populated\">\n\t\t\t\t\t\t<div class=\"elementor-element elementor-element-173c88c elementor-widget elementor-widget-heading\" data-id=\"173c88c\" data-element_type=\"widget\" data-widget_type=\"heading.default\">\n\t\t\t\t<div class=\"elementor-widget-container\">\n\t\t\t<h2 class=\"elementor-heading-title elementor-size-default\">04.<\/h2>\t\t<\/div>\n\t\t\t\t<\/div>\n\t\t\t\t<div class=\"elementor-element elementor-element-0c3dc55 elementor-widget elementor-widget-heading\" data-id=\"0c3dc55\" data-element_type=\"widget\" data-widget_type=\"heading.default\">\n\t\t\t\t<div class=\"elementor-widget-container\">\n\t\t\t<h2 class=\"elementor-heading-title elementor-size-default\">INDUSTRIA 4.0<\/h2>\t\t<\/div>\n\t\t\t\t<\/div>\n\t\t\t\t\t<\/div>\n\t\t<\/div>\n\t\t\t\t\t<\/div>\n\t\t<\/section>\n\t\t\t\t<section class=\"elementor-section elementor-inner-section elementor-element elementor-element-d8187b8 elementor-section-boxed elementor-section-height-default elementor-section-height-default\" data-id=\"d8187b8\" data-element_type=\"section\">\n\t\t\t\t\t\t<div class=\"elementor-container elementor-column-gap-default\">\n\t\t\t\t\t<div class=\"elementor-column elementor-col-100 elementor-inner-column elementor-element elementor-element-de0be81\" data-id=\"de0be81\" data-element_type=\"column\">\n\t\t\t<div class=\"elementor-widget-wrap elementor-element-populated\">\n\t\t\t\t\t\t<div class=\"elementor-element elementor-element-ecd9c1d elementor-widget-divider--view-line elementor-widget elementor-widget-divider\" data-id=\"ecd9c1d\" data-element_type=\"widget\" data-widget_type=\"divider.default\">\n\t\t\t\t<div class=\"elementor-widget-container\">\n\t\t\t\t\t<div class=\"elementor-divider\">\n\t\t\t<span class=\"elementor-divider-separator\">\n\t\t\t\t\t\t<\/span>\n\t\t<\/div>\n\t\t\t\t<\/div>\n\t\t\t\t<\/div>\n\t\t\t\t\t<\/div>\n\t\t<\/div>\n\t\t\t\t\t<\/div>\n\t\t<\/section>\n\t\t\t\t\t<\/div>\n\t\t<\/div>\n\t\t\t\t\t<\/div>\n\t\t<\/section>\n\t\t\t\t<\/div>\n\t\t","protected":false},"excerpt":{"rendered":"<p>01. HISTORIA Frimec &#8211; Frigomeccanica fue fundada en 1967; En 1991 Frimec &#8211; Frigomeccanica comenz\u00f3 sus actividades de exportaci\u00f3n; Desde 1992 la empresa se ha especializado en la producci\u00f3n de sistemas especiales de refrigeraci\u00f3n; En 2009 se complet\u00f3 la nueva sede en Nuvolento (Brescia) &#8230; La expresi\u00f3n Made in Italy, orgullo de los fabricantes italianos, [&hellip;]<\/p>\n","protected":false},"author":1,"featured_media":0,"parent":0,"menu_order":0,"comment_status":"closed","ping_status":"closed","template":"page-fullwidth.php","meta":{"_acf_changed":false,"footnotes":""},"class_list":["post-5803","page","type-page","status-publish","hentry"],"acf":[],"yoast_head":"<!-- This site is optimized with the Yoast SEO plugin v23.8 - https:\/\/yoast.com\/wordpress\/plugins\/seo\/ -->\n<title>Valores - frimec.eu<\/title>\n<meta name=\"robots\" content=\"index, follow, max-snippet:-1, max-image-preview:large, max-video-preview:-1\" \/>\n<link rel=\"canonical\" href=\"https:\/\/frimec.eu\/es\/valores\/\" \/>\n<meta property=\"og:locale\" content=\"es_ES\" \/>\n<meta property=\"og:type\" content=\"article\" \/>\n<meta property=\"og:title\" content=\"Valores - frimec.eu\" \/>\n<meta property=\"og:description\" content=\"01. HISTORIA Frimec &#8211; Frigomeccanica fue fundada en 1967; En 1991 Frimec &#8211; Frigomeccanica comenz\u00f3 sus actividades de exportaci\u00f3n; Desde 1992 la empresa se ha especializado en la producci\u00f3n de sistemas especiales de refrigeraci\u00f3n; En 2009 se complet\u00f3 la nueva sede en Nuvolento (Brescia) &#8230; La expresi\u00f3n Made in Italy, orgullo de los fabricantes italianos, [&hellip;]\" \/>\n<meta property=\"og:url\" content=\"https:\/\/frimec.eu\/es\/valores\/\" \/>\n<meta property=\"og:site_name\" content=\"frimec.eu\" \/>\n<meta property=\"article:modified_time\" content=\"2023-02-13T14:07:01+00:00\" \/>\n<meta name=\"twitter:card\" content=\"summary_large_image\" \/>\n<meta name=\"twitter:label1\" content=\"Est. reading time\" \/>\n\t<meta name=\"twitter:data1\" content=\"1 minute\" \/>\n<script type=\"application\/ld+json\" class=\"yoast-schema-graph\">{\"@context\":\"https:\/\/schema.org\",\"@graph\":[{\"@type\":\"WebPage\",\"@id\":\"https:\/\/frimec.eu\/es\/valores\/\",\"url\":\"https:\/\/frimec.eu\/es\/valores\/\",\"name\":\"Valores - frimec.eu\",\"isPartOf\":{\"@id\":\"https:\/\/frimec.eu\/es\/#website\"},\"datePublished\":\"2022-11-28T15:37:47+00:00\",\"dateModified\":\"2023-02-13T14:07:01+00:00\",\"breadcrumb\":{\"@id\":\"https:\/\/frimec.eu\/es\/valores\/#breadcrumb\"},\"inLanguage\":\"es-ES\",\"potentialAction\":[{\"@type\":\"ReadAction\",\"target\":[\"https:\/\/frimec.eu\/es\/valores\/\"]}]},{\"@type\":\"BreadcrumbList\",\"@id\":\"https:\/\/frimec.eu\/es\/valores\/#breadcrumb\",\"itemListElement\":[{\"@type\":\"ListItem\",\"position\":1,\"name\":\"Home\",\"item\":\"https:\/\/frimec.eu\/es\/\"},{\"@type\":\"ListItem\",\"position\":2,\"name\":\"Valores\"}]},{\"@type\":\"WebSite\",\"@id\":\"https:\/\/frimec.eu\/es\/#website\",\"url\":\"https:\/\/frimec.eu\/es\/\",\"name\":\"frimec.eu\",\"description\":\"\",\"potentialAction\":[{\"@type\":\"SearchAction\",\"target\":{\"@type\":\"EntryPoint\",\"urlTemplate\":\"https:\/\/frimec.eu\/es\/?s={search_term_string}\"},\"query-input\":{\"@type\":\"PropertyValueSpecification\",\"valueRequired\":true,\"valueName\":\"search_term_string\"}}],\"inLanguage\":\"es-ES\"}]}<\/script>\n<!-- \/ Yoast SEO plugin. -->","yoast_head_json":{"title":"Valores - frimec.eu","robots":{"index":"index","follow":"follow","max-snippet":"max-snippet:-1","max-image-preview":"max-image-preview:large","max-video-preview":"max-video-preview:-1"},"canonical":"https:\/\/frimec.eu\/es\/valores\/","og_locale":"es_ES","og_type":"article","og_title":"Valores - frimec.eu","og_description":"01. HISTORIA Frimec &#8211; Frigomeccanica fue fundada en 1967; En 1991 Frimec &#8211; Frigomeccanica comenz\u00f3 sus actividades de exportaci\u00f3n; Desde 1992 la empresa se ha especializado en la producci\u00f3n de sistemas especiales de refrigeraci\u00f3n; En 2009 se complet\u00f3 la nueva sede en Nuvolento (Brescia) &#8230; La expresi\u00f3n Made in Italy, orgullo de los fabricantes italianos, [&hellip;]","og_url":"https:\/\/frimec.eu\/es\/valores\/","og_site_name":"frimec.eu","article_modified_time":"2023-02-13T14:07:01+00:00","twitter_card":"summary_large_image","twitter_misc":{"Est. reading time":"1 minute"},"schema":{"@context":"https:\/\/schema.org","@graph":[{"@type":"WebPage","@id":"https:\/\/frimec.eu\/es\/valores\/","url":"https:\/\/frimec.eu\/es\/valores\/","name":"Valores - frimec.eu","isPartOf":{"@id":"https:\/\/frimec.eu\/es\/#website"},"datePublished":"2022-11-28T15:37:47+00:00","dateModified":"2023-02-13T14:07:01+00:00","breadcrumb":{"@id":"https:\/\/frimec.eu\/es\/valores\/#breadcrumb"},"inLanguage":"es-ES","potentialAction":[{"@type":"ReadAction","target":["https:\/\/frimec.eu\/es\/valores\/"]}]},{"@type":"BreadcrumbList","@id":"https:\/\/frimec.eu\/es\/valores\/#breadcrumb","itemListElement":[{"@type":"ListItem","position":1,"name":"Home","item":"https:\/\/frimec.eu\/es\/"},{"@type":"ListItem","position":2,"name":"Valores"}]},{"@type":"WebSite","@id":"https:\/\/frimec.eu\/es\/#website","url":"https:\/\/frimec.eu\/es\/","name":"frimec.eu","description":"","potentialAction":[{"@type":"SearchAction","target":{"@type":"EntryPoint","urlTemplate":"https:\/\/frimec.eu\/es\/?s={search_term_string}"},"query-input":{"@type":"PropertyValueSpecification","valueRequired":true,"valueName":"search_term_string"}}],"inLanguage":"es-ES"}]}},"_links":{"self":[{"href":"https:\/\/frimec.eu\/es\/wp-json\/wp\/v2\/pages\/5803"}],"collection":[{"href":"https:\/\/frimec.eu\/es\/wp-json\/wp\/v2\/pages"}],"about":[{"href":"https:\/\/frimec.eu\/es\/wp-json\/wp\/v2\/types\/page"}],"author":[{"embeddable":true,"href":"https:\/\/frimec.eu\/es\/wp-json\/wp\/v2\/users\/1"}],"replies":[{"embeddable":true,"href":"https:\/\/frimec.eu\/es\/wp-json\/wp\/v2\/comments?post=5803"}],"version-history":[{"count":4,"href":"https:\/\/frimec.eu\/es\/wp-json\/wp\/v2\/pages\/5803\/revisions"}],"predecessor-version":[{"id":6282,"href":"https:\/\/frimec.eu\/es\/wp-json\/wp\/v2\/pages\/5803\/revisions\/6282"}],"wp:attachment":[{"href":"https:\/\/frimec.eu\/es\/wp-json\/wp\/v2\/media?parent=5803"}],"curies":[{"name":"wp","href":"https:\/\/api.w.org\/{rel}","templated":true}]}}