{"id":6652,"date":"2023-02-17T15:46:09","date_gmt":"2023-02-17T15:46:09","guid":{"rendered":"https:\/\/frimec.eu\/imprint-2\/"},"modified":"2023-02-17T15:46:09","modified_gmt":"2023-02-17T15:46:09","slug":"imprint-2","status":"publish","type":"page","link":"https:\/\/frimec.eu\/es\/imprint-2\/","title":{"rendered":"Imprint"},"content":{"rendered":"\n<!-- Legal document generated by Complianz | GDPR\/CCPA Cookie Consent https:\/\/wordpress.org\/plugins\/complianz-gdpr -->\n<div id=\"cmplz-document\" class=\"cmplz-document impressum cmplz-document-all\"><p><i>Este aviso legal \/ imprint fue actualizado por \u00faltima vez el February 19, 2023.<\/i><\/p><p class=\"cmplz-subtitle\">El propietario de esta web es:<\/p><p>Frimec srl srl<br>VIA BORTOLO POLLINI N.31<br \/>\r\n25080 NUVOLENTO<br \/>\r\nBRESCIA<br>Italia<br>Correo electr\u00f3nico:&nbsp;&#102;&#114;im&#101;&#099;&#064;fr&#105;m&#101;c&#046;&#105;&#116;<br>N\u00famero de tel\u00e9fono: +390309989711<br>CIF (N\u00famero de IVA):&nbsp;IT04313440267<\/p><p class=\"cmplz-subtitle\">El\/Los representante\/s legal\/es de Frimec srl srl:<\/p><p>Andrea Bazzea<\/p><h2>1. General<\/h2><p class=\"cmplz-subtitle\">1.1 Estamos registrados en Brescia bajo el n\u00famero de licencia o registro:<\/p><p>508721<\/p><p>No estamos dispuestos ni obligados a participar en procedimientos de resoluci\u00f3n de conflictos ante una junta de arbitraje de consumo.<\/p><h2>2. La siguiente informaci\u00f3n es obligatoria seg\u00fan la legislaci\u00f3n alemana.<\/h2><p class=\"cmplz-subtitle\">2.1 Die Eigentumsanteile der Gesellschaft (Aktienkapital), die von ihr ausgegeben wurden:<\/p><p>115,000.00<\/p><\/div>\n","protected":false},"excerpt":{"rendered":"","protected":false},"author":1,"featured_media":0,"parent":0,"menu_order":0,"comment_status":"closed","ping_status":"closed","template":"","meta":{"_acf_changed":false,"footnotes":""},"class_list":["post-6652","page","type-page","status-publish","hentry"],"acf":[],"yoast_head":"<!-- This site is optimized with the Yoast SEO plugin v23.8 - https:\/\/yoast.com\/wordpress\/plugins\/seo\/ -->\n<title>Imprint - frimec.eu<\/title>\n<meta name=\"robots\" content=\"index, follow, max-snippet:-1, max-image-preview:large, max-video-preview:-1\" \/>\n<link rel=\"canonical\" href=\"https:\/\/frimec.eu\/es\/imprint-2\/\" \/>\n<meta property=\"og:locale\" content=\"es_ES\" \/>\n<meta property=\"og:type\" content=\"article\" \/>\n<meta property=\"og:title\" content=\"Imprint - frimec.eu\" \/>\n<meta property=\"og:url\" content=\"https:\/\/frimec.eu\/es\/imprint-2\/\" \/>\n<meta property=\"og:site_name\" content=\"frimec.eu\" \/>\n<meta name=\"twitter:card\" content=\"summary_large_image\" \/>\n<script type=\"application\/ld+json\" class=\"yoast-schema-graph\">{\"@context\":\"https:\/\/schema.org\",\"@graph\":[{\"@type\":\"WebPage\",\"@id\":\"https:\/\/frimec.eu\/es\/imprint-2\/\",\"url\":\"https:\/\/frimec.eu\/es\/imprint-2\/\",\"name\":\"Imprint - frimec.eu\",\"isPartOf\":{\"@id\":\"https:\/\/frimec.eu\/es\/#website\"},\"datePublished\":\"2023-02-17T15:46:09+00:00\",\"dateModified\":\"2023-02-17T15:46:09+00:00\",\"breadcrumb\":{\"@id\":\"https:\/\/frimec.eu\/es\/imprint-2\/#breadcrumb\"},\"inLanguage\":\"es-ES\",\"potentialAction\":[{\"@type\":\"ReadAction\",\"target\":[\"https:\/\/frimec.eu\/es\/imprint-2\/\"]}]},{\"@type\":\"BreadcrumbList\",\"@id\":\"https:\/\/frimec.eu\/es\/imprint-2\/#breadcrumb\",\"itemListElement\":[{\"@type\":\"ListItem\",\"position\":1,\"name\":\"Home\",\"item\":\"https:\/\/frimec.eu\/es\/\"},{\"@type\":\"ListItem\",\"position\":2,\"name\":\"Imprint\"}]},{\"@type\":\"WebSite\",\"@id\":\"https:\/\/frimec.eu\/es\/#website\",\"url\":\"https:\/\/frimec.eu\/es\/\",\"name\":\"frimec.eu\",\"description\":\"\",\"potentialAction\":[{\"@type\":\"SearchAction\",\"target\":{\"@type\":\"EntryPoint\",\"urlTemplate\":\"https:\/\/frimec.eu\/es\/?s={search_term_string}\"},\"query-input\":{\"@type\":\"PropertyValueSpecification\",\"valueRequired\":true,\"valueName\":\"search_term_string\"}}],\"inLanguage\":\"es-ES\"}]}<\/script>\n<!-- \/ Yoast SEO plugin. -->","yoast_head_json":{"title":"Imprint - frimec.eu","robots":{"index":"index","follow":"follow","max-snippet":"max-snippet:-1","max-image-preview":"max-image-preview:large","max-video-preview":"max-video-preview:-1"},"canonical":"https:\/\/frimec.eu\/es\/imprint-2\/","og_locale":"es_ES","og_type":"article","og_title":"Imprint - frimec.eu","og_url":"https:\/\/frimec.eu\/es\/imprint-2\/","og_site_name":"frimec.eu","twitter_card":"summary_large_image","schema":{"@context":"https:\/\/schema.org","@graph":[{"@type":"WebPage","@id":"https:\/\/frimec.eu\/es\/imprint-2\/","url":"https:\/\/frimec.eu\/es\/imprint-2\/","name":"Imprint - frimec.eu","isPartOf":{"@id":"https:\/\/frimec.eu\/es\/#website"},"datePublished":"2023-02-17T15:46:09+00:00","dateModified":"2023-02-17T15:46:09+00:00","breadcrumb":{"@id":"https:\/\/frimec.eu\/es\/imprint-2\/#breadcrumb"},"inLanguage":"es-ES","potentialAction":[{"@type":"ReadAction","target":["https:\/\/frimec.eu\/es\/imprint-2\/"]}]},{"@type":"BreadcrumbList","@id":"https:\/\/frimec.eu\/es\/imprint-2\/#breadcrumb","itemListElement":[{"@type":"ListItem","position":1,"name":"Home","item":"https:\/\/frimec.eu\/es\/"},{"@type":"ListItem","position":2,"name":"Imprint"}]},{"@type":"WebSite","@id":"https:\/\/frimec.eu\/es\/#website","url":"https:\/\/frimec.eu\/es\/","name":"frimec.eu","description":"","potentialAction":[{"@type":"SearchAction","target":{"@type":"EntryPoint","urlTemplate":"https:\/\/frimec.eu\/es\/?s={search_term_string}"},"query-input":{"@type":"PropertyValueSpecification","valueRequired":true,"valueName":"search_term_string"}}],"inLanguage":"es-ES"}]}},"_links":{"self":[{"href":"https:\/\/frimec.eu\/es\/wp-json\/wp\/v2\/pages\/6652"}],"collection":[{"href":"https:\/\/frimec.eu\/es\/wp-json\/wp\/v2\/pages"}],"about":[{"href":"https:\/\/frimec.eu\/es\/wp-json\/wp\/v2\/types\/page"}],"author":[{"embeddable":true,"href":"https:\/\/frimec.eu\/es\/wp-json\/wp\/v2\/users\/1"}],"replies":[{"embeddable":true,"href":"https:\/\/frimec.eu\/es\/wp-json\/wp\/v2\/comments?post=6652"}],"version-history":[{"count":0,"href":"https:\/\/frimec.eu\/es\/wp-json\/wp\/v2\/pages\/6652\/revisions"}],"wp:attachment":[{"href":"https:\/\/frimec.eu\/es\/wp-json\/wp\/v2\/media?parent=6652"}],"curies":[{"name":"wp","href":"https:\/\/api.w.org\/{rel}","templated":true}]}}